{"id":7028,"date":"2024-07-26T20:10:41","date_gmt":"2024-07-26T20:10:41","guid":{"rendered":"https:\/\/ketunkullanhyvinvointi.fi\/?page_id=7028"},"modified":"2024-07-28T19:59:44","modified_gmt":"2024-07-28T19:59:44","slug":"ultrakylmahoito","status":"publish","type":"page","link":"https:\/\/ketunkullanhyvinvointi.fi\/index.php\/ultrakylmahoito\/","title":{"rendered":"Ultrakylm\u00e4hoito"},"content":{"rendered":"\t\t<div data-elementor-type=\"wp-page\" data-elementor-id=\"7028\" class=\"elementor elementor-7028\">\n\t\t\t\t\t\t<section class=\"elementor-section elementor-top-section elementor-element elementor-element-1221d78 elementor-section-boxed elementor-section-height-default elementor-section-height-default\" data-id=\"1221d78\" data-element_type=\"section\" data-settings=\"{&quot;background_background&quot;:&quot;classic&quot;}\">\n\t\t\t\t\t\t<div class=\"elementor-container elementor-column-gap-default\">\n\t\t\t\t\t<div class=\"elementor-column elementor-col-33 elementor-top-column elementor-element elementor-element-3f37728b\" data-id=\"3f37728b\" data-element_type=\"column\">\n\t\t\t<div class=\"elementor-widget-wrap elementor-element-populated\">\n\t\t\t\t\t\t<div class=\"elementor-element elementor-element-4abb040e elementor-widget elementor-widget-spacer\" data-id=\"4abb040e\" data-element_type=\"widget\" data-widget_type=\"spacer.default\">\n\t\t\t\t<div class=\"elementor-widget-container\">\n\t\t\t\t\t\t\t<div class=\"elementor-spacer\">\n\t\t\t<div class=\"elementor-spacer-inner\"><\/div>\n\t\t<\/div>\n\t\t\t\t\t\t<\/div>\n\t\t\t\t<\/div>\n\t\t\t\t\t<\/div>\n\t\t<\/div>\n\t\t\t\t<div class=\"elementor-column elementor-col-66 elementor-top-column elementor-element elementor-element-17ebe7e4\" data-id=\"17ebe7e4\" data-element_type=\"column\">\n\t\t\t<div class=\"elementor-widget-wrap elementor-element-populated\">\n\t\t\t\t\t\t<div class=\"elementor-element elementor-element-795a0a5c elementor-widget elementor-widget-image\" data-id=\"795a0a5c\" data-element_type=\"widget\" data-widget_type=\"image.default\">\n\t\t\t\t<div class=\"elementor-widget-container\">\n\t\t\t\t\t\t\t\t\t\t\t\t\t\t\t<img fetchpriority=\"high\" decoding=\"async\" width=\"1900\" height=\"800\" src=\"https:\/\/i0.wp.com\/ketunkullanhyvinvointi.fi\/wp-content\/uploads\/2024\/07\/ultrakylma-paakuva3.jpg?fit=1900%2C800&amp;ssl=1\" class=\"attachment-full size-full wp-image-7187\" alt=\"\" srcset=\"https:\/\/i0.wp.com\/ketunkullanhyvinvointi.fi\/wp-content\/uploads\/2024\/07\/ultrakylma-paakuva3.jpg?w=1900&amp;ssl=1 1900w, https:\/\/i0.wp.com\/ketunkullanhyvinvointi.fi\/wp-content\/uploads\/2024\/07\/ultrakylma-paakuva3.jpg?resize=300%2C126&amp;ssl=1 300w, https:\/\/i0.wp.com\/ketunkullanhyvinvointi.fi\/wp-content\/uploads\/2024\/07\/ultrakylma-paakuva3.jpg?resize=1024%2C431&amp;ssl=1 1024w, https:\/\/i0.wp.com\/ketunkullanhyvinvointi.fi\/wp-content\/uploads\/2024\/07\/ultrakylma-paakuva3.jpg?resize=768%2C323&amp;ssl=1 768w, https:\/\/i0.wp.com\/ketunkullanhyvinvointi.fi\/wp-content\/uploads\/2024\/07\/ultrakylma-paakuva3.jpg?resize=1536%2C647&amp;ssl=1 1536w\" sizes=\"(max-width: 1000px) 100vw, 1000px\" \/>\t\t\t\t\t\t\t\t\t\t\t\t\t\t\t<\/div>\n\t\t\t\t<\/div>\n\t\t\t\t<div class=\"elementor-element elementor-element-2d34a95e elementor-widget elementor-widget-spacer\" data-id=\"2d34a95e\" data-element_type=\"widget\" data-widget_type=\"spacer.default\">\n\t\t\t\t<div class=\"elementor-widget-container\">\n\t\t\t\t\t\t\t<div class=\"elementor-spacer\">\n\t\t\t<div class=\"elementor-spacer-inner\"><\/div>\n\t\t<\/div>\n\t\t\t\t\t\t<\/div>\n\t\t\t\t<\/div>\n\t\t\t\t<div class=\"elementor-element elementor-element-6c5aa66c elementor-widget elementor-widget-text-editor\" data-id=\"6c5aa66c\" data-element_type=\"widget\" data-widget_type=\"text-editor.default\">\n\t\t\t\t<div class=\"elementor-widget-container\">\n\t\t\t\t\t\t\t\t\t<p dir=\"ltr\" style=\"line-height: 1.2; margin-top: 0pt; margin-bottom: 0pt;\"><span style=\"font-size: 10pt; font-family: 'Montserrat Alternates',sans-serif; color: #000000; background-color: transparent; font-weight: 400; font-style: normal; font-variant: normal; text-decoration: none; vertical-align: baseline; white-space: pre-wrap;\">Ultrakylm\u00e4hoito perustuu iholle tulevan hiilidioksidikidesuihkun nopeasti viilent\u00e4v\u00e4\u00e4n vaikutukseen, joka saa aikaan niin kutsutun termoshokin. Termoshokki aktivoi ihon pinnan alla olevaa hermostoa ja aktivoi kudosten omaa paranemisprosessia sek\u00e4 toimii tehokkaasti kivun hoitona sek\u00e4 akuuteissa ett\u00e4 kroonisissa vaivoissa. <\/span><span style=\"background-color: transparent; color: #000000; font-size: 10pt; font-style: inherit; font-weight: inherit; white-space: pre-wrap;\">Hoitoa voidaan antaa koirille, kissoille ja hevosille. Kidesuihku pit\u00e4\u00e4 suhisevaa \u00e4\u00e4nt\u00e4, joten osalle el\u00e4imist\u00e4 \u00e4\u00e4neen totuttelu voi vied\u00e4 hetken. <\/span><\/p><p dir=\"ltr\" style=\"line-height: 1.2; margin-top: 0pt; margin-bottom: 0pt;\"><span style=\"background-color: transparent; color: #000000; font-size: 10pt; font-style: inherit; font-weight: inherit; white-space: pre-wrap;\">\u00a0<\/span><\/p><p dir=\"ltr\" style=\"line-height: 1.2; margin-top: 0pt; margin-bottom: 0pt;\"><span style=\"background-color: transparent; color: #000000; font-size: 10pt; font-style: inherit; font-weight: inherit; white-space: pre-wrap;\">Hoito on nopea suorittaa ja hoidettavasta alueesta riippuen kest\u00e4\u00e4 noin 2-5 minuuttia. Hoitoon tullessa karvan tulee olla puhdas ja kuiva. Hoitotiheys suunnitellaan yksil\u00f6llisen tarpeen mukaan. Akuuteissa vammoissa hoidetaan aluksi tihe\u00e4sti ja hoitojakson edetess\u00e4 hoitov\u00e4li\u00e4 pidennet\u00e4\u00e4n. Kroonisissa vaivoissa etsit\u00e4\u00e4n sopiva hoitov\u00e4li, joka voi esimerkiksi nivelrikkoisilla olla 2-6 viikkoa.<\/span><\/p>\t\t\t\t\t\t\t\t<\/div>\n\t\t\t\t<\/div>\n\t\t\t\t<div class=\"elementor-element elementor-element-2242bfb6 elementor-widget elementor-widget-spacer\" data-id=\"2242bfb6\" data-element_type=\"widget\" data-widget_type=\"spacer.default\">\n\t\t\t\t<div class=\"elementor-widget-container\">\n\t\t\t\t\t\t\t<div class=\"elementor-spacer\">\n\t\t\t<div class=\"elementor-spacer-inner\"><\/div>\n\t\t<\/div>\n\t\t\t\t\t\t<\/div>\n\t\t\t\t<\/div>\n\t\t\t\t\t<\/div>\n\t\t<\/div>\n\t\t\t\t\t<\/div>\n\t\t<\/section>\n\t\t\t\t<section class=\"elementor-section elementor-top-section elementor-element elementor-element-641238e1 elementor-section-boxed elementor-section-height-default elementor-section-height-default\" data-id=\"641238e1\" data-element_type=\"section\" data-settings=\"{&quot;background_background&quot;:&quot;classic&quot;}\">\n\t\t\t\t\t\t<div class=\"elementor-container elementor-column-gap-default\">\n\t\t\t\t\t<div class=\"elementor-column elementor-col-33 elementor-top-column elementor-element elementor-element-4b7e4238\" data-id=\"4b7e4238\" data-element_type=\"column\">\n\t\t\t<div class=\"elementor-widget-wrap elementor-element-populated\">\n\t\t\t\t\t\t<div class=\"elementor-element elementor-element-355a156 elementor-widget elementor-widget-spacer\" data-id=\"355a156\" data-element_type=\"widget\" data-widget_type=\"spacer.default\">\n\t\t\t\t<div class=\"elementor-widget-container\">\n\t\t\t\t\t\t\t<div class=\"elementor-spacer\">\n\t\t\t<div class=\"elementor-spacer-inner\"><\/div>\n\t\t<\/div>\n\t\t\t\t\t\t<\/div>\n\t\t\t\t<\/div>\n\t\t\t\t<div class=\"elementor-element elementor-element-62a2d61f elementor-widget elementor-widget-image\" data-id=\"62a2d61f\" data-element_type=\"widget\" data-widget_type=\"image.default\">\n\t\t\t\t<div class=\"elementor-widget-container\">\n\t\t\t\t\t\t\t\t\t\t\t\t\t\t\t<img decoding=\"async\" width=\"1024\" height=\"1024\" src=\"https:\/\/i0.wp.com\/ketunkullanhyvinvointi.fi\/wp-content\/uploads\/2024\/07\/ultrakylmahoito5.jpg?fit=1024%2C1024&amp;ssl=1\" class=\"attachment-large size-large wp-image-7072\" alt=\"\" srcset=\"https:\/\/i0.wp.com\/ketunkullanhyvinvointi.fi\/wp-content\/uploads\/2024\/07\/ultrakylmahoito5.jpg?w=1024&amp;ssl=1 1024w, https:\/\/i0.wp.com\/ketunkullanhyvinvointi.fi\/wp-content\/uploads\/2024\/07\/ultrakylmahoito5.jpg?resize=300%2C300&amp;ssl=1 300w, https:\/\/i0.wp.com\/ketunkullanhyvinvointi.fi\/wp-content\/uploads\/2024\/07\/ultrakylmahoito5.jpg?resize=150%2C150&amp;ssl=1 150w, https:\/\/i0.wp.com\/ketunkullanhyvinvointi.fi\/wp-content\/uploads\/2024\/07\/ultrakylmahoito5.jpg?resize=768%2C768&amp;ssl=1 768w\" sizes=\"(max-width: 1000px) 100vw, 1000px\" \/>\t\t\t\t\t\t\t\t\t\t\t\t\t\t\t<\/div>\n\t\t\t\t<\/div>\n\t\t\t\t<div class=\"elementor-element elementor-element-306e54c0 elementor-widget elementor-widget-spacer\" data-id=\"306e54c0\" data-element_type=\"widget\" data-widget_type=\"spacer.default\">\n\t\t\t\t<div class=\"elementor-widget-container\">\n\t\t\t\t\t\t\t<div class=\"elementor-spacer\">\n\t\t\t<div class=\"elementor-spacer-inner\"><\/div>\n\t\t<\/div>\n\t\t\t\t\t\t<\/div>\n\t\t\t\t<\/div>\n\t\t\t\t\t<\/div>\n\t\t<\/div>\n\t\t\t\t<div class=\"elementor-column elementor-col-66 elementor-top-column elementor-element elementor-element-26695bc\" data-id=\"26695bc\" data-element_type=\"column\">\n\t\t\t<div class=\"elementor-widget-wrap elementor-element-populated\">\n\t\t\t\t\t\t<div class=\"elementor-element elementor-element-3966b02a elementor-widget elementor-widget-spacer\" data-id=\"3966b02a\" data-element_type=\"widget\" data-widget_type=\"spacer.default\">\n\t\t\t\t<div class=\"elementor-widget-container\">\n\t\t\t\t\t\t\t<div class=\"elementor-spacer\">\n\t\t\t<div class=\"elementor-spacer-inner\"><\/div>\n\t\t<\/div>\n\t\t\t\t\t\t<\/div>\n\t\t\t\t<\/div>\n\t\t\t\t<div class=\"elementor-element elementor-element-36bb0345 elementor-widget elementor-widget-heading\" data-id=\"36bb0345\" data-element_type=\"widget\" data-widget_type=\"heading.default\">\n\t\t\t\t<div class=\"elementor-widget-container\">\n\t\t\t\t\t<h4 class=\"elementor-heading-title elementor-size-default\">Mihin ultrakylm\u00e4hoitoa?<\/h4>\t\t\t\t<\/div>\n\t\t\t\t<\/div>\n\t\t\t\t<div class=\"elementor-element elementor-element-45690192 elementor-widget elementor-widget-text-editor\" data-id=\"45690192\" data-element_type=\"widget\" data-widget_type=\"text-editor.default\">\n\t\t\t\t<div class=\"elementor-widget-container\">\n\t\t\t\t\t\t\t\t\t<ul><li><span style=\"font-size: 10pt; font-family: 'Montserrat Alternates',sans-serif; color: #000000; background-color: transparent; font-weight: 400; font-style: normal; font-variant: normal; text-decoration: none; vertical-align: baseline; white-space: pre-wrap;\">nivelrikkokipuun<\/span><\/li><li><span style=\"font-size: 10pt; font-family: 'Montserrat Alternates',sans-serif; color: #000000; background-color: transparent; font-weight: 400; font-style: normal; font-variant: normal; text-decoration: none; vertical-align: baseline; white-space: pre-wrap;\">lihasvammoihin <\/span><\/li><li><span style=\"font-size: 10pt; font-family: 'Montserrat Alternates',sans-serif; color: #000000; background-color: transparent; font-weight: 400; font-style: normal; font-variant: normal; text-decoration: none; vertical-align: baseline; white-space: pre-wrap;\">nivelsidevaurioihin <\/span><\/li><li><span style=\"font-size: 10pt; font-family: 'Montserrat Alternates',sans-serif; color: #000000; background-color: transparent; font-weight: 400; font-style: normal; font-variant: normal; text-decoration: none; vertical-align: baseline; white-space: pre-wrap;\">lihaskireyksiin <\/span><\/li><li><span style=\"font-size: 10pt; font-family: 'Montserrat Alternates',sans-serif; color: #000000; background-color: transparent; font-weight: 400; font-style: normal; font-variant: normal; text-decoration: none; vertical-align: baseline; white-space: pre-wrap;\">turvotuksiin <\/span><\/li><li><span style=\"font-size: 10pt; font-family: 'Montserrat Alternates',sans-serif; color: #000000; background-color: transparent; font-weight: 400; font-style: normal; font-variant: normal; text-decoration: none; vertical-align: baseline; white-space: pre-wrap;\">ennaltaehk\u00e4isev\u00e4ksi hoidoksi aktiivisesti harrastavalle koiralle tai hevoselle <\/span><\/li><\/ul>\t\t\t\t\t\t\t\t<\/div>\n\t\t\t\t<\/div>\n\t\t\t\t\t<\/div>\n\t\t<\/div>\n\t\t\t\t\t<\/div>\n\t\t<\/section>\n\t\t\t\t<\/div>\n\t\t","protected":false},"excerpt":{"rendered":"<p>Ultrakylm\u00e4hoito perustuu iholle tulevan hiilidioksidikidesuihkun nopeasti viilent\u00e4v\u00e4\u00e4n vaikutukseen, joka saa aikaan niin kutsutun termoshokin. Termoshokki aktivoi ihon pinnan alla olevaa hermostoa ja aktivoi kudosten omaa paranemisprosessia sek\u00e4 toimii tehokkaasti kivun hoitona sek\u00e4 akuuteissa ett\u00e4 kroonisissa vaivoissa. Hoitoa voidaan antaa koirille, kissoille ja hevosille. Kidesuihku pit\u00e4\u00e4 suhisevaa \u00e4\u00e4nt\u00e4, joten osalle el\u00e4imist\u00e4 \u00e4\u00e4neen totuttelu voi vied\u00e4 hetken. [&hellip;]<\/p>\n","protected":false},"author":1,"featured_media":0,"parent":0,"menu_order":0,"comment_status":"closed","ping_status":"closed","template":"","meta":{"site-sidebar-layout":"no-sidebar","site-content-layout":"page-builder","ast-site-content-layout":"","site-content-style":"default","site-sidebar-style":"default","ast-global-header-display":"","ast-banner-title-visibility":"","ast-main-header-display":"","ast-hfb-above-header-display":"","ast-hfb-below-header-display":"","ast-hfb-mobile-header-display":"","site-post-title":"disabled","ast-breadcrumbs-content":"","ast-featured-img":"disabled","footer-sml-layout":"","theme-transparent-header-meta":"","adv-header-id-meta":"","stick-header-meta":"","header-above-stick-meta":"","header-main-stick-meta":"","header-below-stick-meta":"","astra-migrate-meta-layouts":"default","ast-page-background-enabled":"default","ast-page-background-meta":{"desktop":{"background-color":"","background-image":"","background-repeat":"repeat","background-position":"center center","background-size":"auto","background-attachment":"scroll","background-type":"","background-media":"","overlay-type":"","overlay-color":"","overlay-opacity":"","overlay-gradient":""},"tablet":{"background-color":"","background-image":"","background-repeat":"repeat","background-position":"center center","background-size":"auto","background-attachment":"scroll","background-type":"","background-media":"","overlay-type":"","overlay-color":"","overlay-opacity":"","overlay-gradient":""},"mobile":{"background-color":"","background-image":"","background-repeat":"repeat","background-position":"center center","background-size":"auto","background-attachment":"scroll","background-type":"","background-media":"","overlay-type":"","overlay-color":"","overlay-opacity":"","overlay-gradient":""}},"ast-content-background-meta":{"desktop":{"background-color":"var(--ast-global-color-5)","background-image":"","background-repeat":"repeat","background-position":"center center","background-size":"auto","background-attachment":"scroll","background-type":"","background-media":"","overlay-type":"","overlay-color":"","overlay-opacity":"","overlay-gradient":""},"tablet":{"background-color":"var(--ast-global-color-5)","background-image":"","background-repeat":"repeat","background-position":"center center","background-size":"auto","background-attachment":"scroll","background-type":"","background-media":"","overlay-type":"","overlay-color":"","overlay-opacity":"","overlay-gradient":""},"mobile":{"background-color":"var(--ast-global-color-5)","background-image":"","background-repeat":"repeat","background-position":"center center","background-size":"auto","background-attachment":"scroll","background-type":"","background-media":"","overlay-type":"","overlay-color":"","overlay-opacity":"","overlay-gradient":""}},"footnotes":""},"class_list":["post-7028","page","type-page","status-publish","hentry"],"yoast_head":"<!-- This site is optimized with the Yoast SEO plugin v24.2 - https:\/\/yoast.com\/wordpress\/plugins\/seo\/ -->\n<title>Ultrakylm\u00e4hoito - Ketunkullan Hyvinvointi<\/title>\n<meta name=\"description\" content=\"Ultrakylm\u00e4hoito on tehokas hoitomuoto erilaisiin tuki- ja liikuntaelimist\u00f6n ongelmiin\" \/>\n<meta name=\"robots\" content=\"index, follow, max-snippet:-1, max-image-preview:large, max-video-preview:-1\" \/>\n<link rel=\"canonical\" href=\"https:\/\/ketunkullanhyvinvointi.fi\/index.php\/ultrakylmahoito\/\" \/>\n<meta property=\"og:locale\" content=\"en_US\" \/>\n<meta property=\"og:type\" content=\"article\" \/>\n<meta property=\"og:title\" content=\"Ultrakylm\u00e4hoito - Ketunkullan Hyvinvointi\" \/>\n<meta property=\"og:description\" content=\"Ultrakylm\u00e4hoito on tehokas hoitomuoto erilaisiin tuki- ja liikuntaelimist\u00f6n ongelmiin\" \/>\n<meta property=\"og:url\" content=\"https:\/\/ketunkullanhyvinvointi.fi\/index.php\/ultrakylmahoito\/\" \/>\n<meta property=\"og:site_name\" content=\"Ketunkullan Hyvinvointi\" \/>\n<meta property=\"article:modified_time\" content=\"2024-07-28T19:59:44+00:00\" \/>\n<meta property=\"og:image\" content=\"https:\/\/ketunkullanhyvinvointi.fi\/wp-content\/uploads\/2024\/07\/ultrakylma-paakuva3.jpg\" \/>\n<meta name=\"twitter:card\" content=\"summary_large_image\" \/>\n<meta name=\"twitter:label1\" content=\"Est. reading time\" \/>\n\t<meta name=\"twitter:data1\" content=\"1 minute\" \/>\n<script type=\"application\/ld+json\" class=\"yoast-schema-graph\">{\"@context\":\"https:\/\/schema.org\",\"@graph\":[{\"@type\":\"WebPage\",\"@id\":\"https:\/\/ketunkullanhyvinvointi.fi\/index.php\/ultrakylmahoito\/\",\"url\":\"https:\/\/ketunkullanhyvinvointi.fi\/index.php\/ultrakylmahoito\/\",\"name\":\"Ultrakylm\u00e4hoito - Ketunkullan Hyvinvointi\",\"isPartOf\":{\"@id\":\"https:\/\/ketunkullanhyvinvointi.fi\/#website\"},\"primaryImageOfPage\":{\"@id\":\"https:\/\/ketunkullanhyvinvointi.fi\/index.php\/ultrakylmahoito\/#primaryimage\"},\"image\":{\"@id\":\"https:\/\/ketunkullanhyvinvointi.fi\/index.php\/ultrakylmahoito\/#primaryimage\"},\"thumbnailUrl\":\"https:\/\/ketunkullanhyvinvointi.fi\/wp-content\/uploads\/2024\/07\/ultrakylma-paakuva3.jpg\",\"datePublished\":\"2024-07-26T20:10:41+00:00\",\"dateModified\":\"2024-07-28T19:59:44+00:00\",\"description\":\"Ultrakylm\u00e4hoito on tehokas hoitomuoto erilaisiin tuki- ja liikuntaelimist\u00f6n ongelmiin\",\"breadcrumb\":{\"@id\":\"https:\/\/ketunkullanhyvinvointi.fi\/index.php\/ultrakylmahoito\/#breadcrumb\"},\"inLanguage\":\"en\",\"potentialAction\":[{\"@type\":\"ReadAction\",\"target\":[\"https:\/\/ketunkullanhyvinvointi.fi\/index.php\/ultrakylmahoito\/\"]}]},{\"@type\":\"ImageObject\",\"inLanguage\":\"en\",\"@id\":\"https:\/\/ketunkullanhyvinvointi.fi\/index.php\/ultrakylmahoito\/#primaryimage\",\"url\":\"https:\/\/i0.wp.com\/ketunkullanhyvinvointi.fi\/wp-content\/uploads\/2024\/07\/ultrakylma-paakuva3.jpg?fit=1900%2C800&ssl=1\",\"contentUrl\":\"https:\/\/i0.wp.com\/ketunkullanhyvinvointi.fi\/wp-content\/uploads\/2024\/07\/ultrakylma-paakuva3.jpg?fit=1900%2C800&ssl=1\",\"width\":1900,\"height\":800},{\"@type\":\"BreadcrumbList\",\"@id\":\"https:\/\/ketunkullanhyvinvointi.fi\/index.php\/ultrakylmahoito\/#breadcrumb\",\"itemListElement\":[{\"@type\":\"ListItem\",\"position\":1,\"name\":\"Home\",\"item\":\"https:\/\/ketunkullanhyvinvointi.fi\/\"},{\"@type\":\"ListItem\",\"position\":2,\"name\":\"Ultrakylm\u00e4hoito\"}]},{\"@type\":\"WebSite\",\"@id\":\"https:\/\/ketunkullanhyvinvointi.fi\/#website\",\"url\":\"https:\/\/ketunkullanhyvinvointi.fi\/\",\"name\":\"Ketunkullan Hyvinvointi\",\"description\":\"Vetreytt&auml; ja vetovoimaa\",\"potentialAction\":[{\"@type\":\"SearchAction\",\"target\":{\"@type\":\"EntryPoint\",\"urlTemplate\":\"https:\/\/ketunkullanhyvinvointi.fi\/?s={search_term_string}\"},\"query-input\":{\"@type\":\"PropertyValueSpecification\",\"valueRequired\":true,\"valueName\":\"search_term_string\"}}],\"inLanguage\":\"en\"}]}<\/script>\n<!-- \/ Yoast SEO plugin. -->","yoast_head_json":{"title":"Ultrakylm\u00e4hoito - Ketunkullan Hyvinvointi","description":"Ultrakylm\u00e4hoito on tehokas hoitomuoto erilaisiin tuki- ja liikuntaelimist\u00f6n ongelmiin","robots":{"index":"index","follow":"follow","max-snippet":"max-snippet:-1","max-image-preview":"max-image-preview:large","max-video-preview":"max-video-preview:-1"},"canonical":"https:\/\/ketunkullanhyvinvointi.fi\/index.php\/ultrakylmahoito\/","og_locale":"en_US","og_type":"article","og_title":"Ultrakylm\u00e4hoito - Ketunkullan Hyvinvointi","og_description":"Ultrakylm\u00e4hoito on tehokas hoitomuoto erilaisiin tuki- ja liikuntaelimist\u00f6n ongelmiin","og_url":"https:\/\/ketunkullanhyvinvointi.fi\/index.php\/ultrakylmahoito\/","og_site_name":"Ketunkullan Hyvinvointi","article_modified_time":"2024-07-28T19:59:44+00:00","og_image":[{"url":"https:\/\/ketunkullanhyvinvointi.fi\/wp-content\/uploads\/2024\/07\/ultrakylma-paakuva3.jpg","type":"","width":"","height":""}],"twitter_card":"summary_large_image","twitter_misc":{"Est. reading time":"1 minute"},"schema":{"@context":"https:\/\/schema.org","@graph":[{"@type":"WebPage","@id":"https:\/\/ketunkullanhyvinvointi.fi\/index.php\/ultrakylmahoito\/","url":"https:\/\/ketunkullanhyvinvointi.fi\/index.php\/ultrakylmahoito\/","name":"Ultrakylm\u00e4hoito - Ketunkullan Hyvinvointi","isPartOf":{"@id":"https:\/\/ketunkullanhyvinvointi.fi\/#website"},"primaryImageOfPage":{"@id":"https:\/\/ketunkullanhyvinvointi.fi\/index.php\/ultrakylmahoito\/#primaryimage"},"image":{"@id":"https:\/\/ketunkullanhyvinvointi.fi\/index.php\/ultrakylmahoito\/#primaryimage"},"thumbnailUrl":"https:\/\/ketunkullanhyvinvointi.fi\/wp-content\/uploads\/2024\/07\/ultrakylma-paakuva3.jpg","datePublished":"2024-07-26T20:10:41+00:00","dateModified":"2024-07-28T19:59:44+00:00","description":"Ultrakylm\u00e4hoito on tehokas hoitomuoto erilaisiin tuki- ja liikuntaelimist\u00f6n ongelmiin","breadcrumb":{"@id":"https:\/\/ketunkullanhyvinvointi.fi\/index.php\/ultrakylmahoito\/#breadcrumb"},"inLanguage":"en","potentialAction":[{"@type":"ReadAction","target":["https:\/\/ketunkullanhyvinvointi.fi\/index.php\/ultrakylmahoito\/"]}]},{"@type":"ImageObject","inLanguage":"en","@id":"https:\/\/ketunkullanhyvinvointi.fi\/index.php\/ultrakylmahoito\/#primaryimage","url":"https:\/\/i0.wp.com\/ketunkullanhyvinvointi.fi\/wp-content\/uploads\/2024\/07\/ultrakylma-paakuva3.jpg?fit=1900%2C800&ssl=1","contentUrl":"https:\/\/i0.wp.com\/ketunkullanhyvinvointi.fi\/wp-content\/uploads\/2024\/07\/ultrakylma-paakuva3.jpg?fit=1900%2C800&ssl=1","width":1900,"height":800},{"@type":"BreadcrumbList","@id":"https:\/\/ketunkullanhyvinvointi.fi\/index.php\/ultrakylmahoito\/#breadcrumb","itemListElement":[{"@type":"ListItem","position":1,"name":"Home","item":"https:\/\/ketunkullanhyvinvointi.fi\/"},{"@type":"ListItem","position":2,"name":"Ultrakylm\u00e4hoito"}]},{"@type":"WebSite","@id":"https:\/\/ketunkullanhyvinvointi.fi\/#website","url":"https:\/\/ketunkullanhyvinvointi.fi\/","name":"Ketunkullan Hyvinvointi","description":"Vetreytt&auml; ja vetovoimaa","potentialAction":[{"@type":"SearchAction","target":{"@type":"EntryPoint","urlTemplate":"https:\/\/ketunkullanhyvinvointi.fi\/?s={search_term_string}"},"query-input":{"@type":"PropertyValueSpecification","valueRequired":true,"valueName":"search_term_string"}}],"inLanguage":"en"}]}},"jetpack_sharing_enabled":true,"_links":{"self":[{"href":"https:\/\/ketunkullanhyvinvointi.fi\/index.php\/wp-json\/wp\/v2\/pages\/7028","targetHints":{"allow":["GET"]}}],"collection":[{"href":"https:\/\/ketunkullanhyvinvointi.fi\/index.php\/wp-json\/wp\/v2\/pages"}],"about":[{"href":"https:\/\/ketunkullanhyvinvointi.fi\/index.php\/wp-json\/wp\/v2\/types\/page"}],"author":[{"embeddable":true,"href":"https:\/\/ketunkullanhyvinvointi.fi\/index.php\/wp-json\/wp\/v2\/users\/1"}],"replies":[{"embeddable":true,"href":"https:\/\/ketunkullanhyvinvointi.fi\/index.php\/wp-json\/wp\/v2\/comments?post=7028"}],"version-history":[{"count":73,"href":"https:\/\/ketunkullanhyvinvointi.fi\/index.php\/wp-json\/wp\/v2\/pages\/7028\/revisions"}],"predecessor-version":[{"id":7190,"href":"https:\/\/ketunkullanhyvinvointi.fi\/index.php\/wp-json\/wp\/v2\/pages\/7028\/revisions\/7190"}],"wp:attachment":[{"href":"https:\/\/ketunkullanhyvinvointi.fi\/index.php\/wp-json\/wp\/v2\/media?parent=7028"}],"curies":[{"name":"wp","href":"https:\/\/api.w.org\/{rel}","templated":true}]}}