{"id":5620,"date":"2022-10-02T21:51:45","date_gmt":"2022-10-02T21:51:45","guid":{"rendered":"https:\/\/ketunkullanhyvinvointi.fi\/?page_id=5620"},"modified":"2024-02-12T11:20:03","modified_gmt":"2024-02-12T11:20:03","slug":"elaintenkoulutus","status":"publish","type":"page","link":"https:\/\/ketunkullanhyvinvointi.fi\/index.php\/elaintenkoulutus\/","title":{"rendered":"El\u00e4intenkoulutus"},"content":{"rendered":"\t\t<div data-elementor-type=\"wp-page\" data-elementor-id=\"5620\" class=\"elementor elementor-5620\">\n\t\t\t\t\t\t<section class=\"elementor-section elementor-top-section elementor-element elementor-element-90c6dff elementor-section-boxed elementor-section-height-default elementor-section-height-default\" data-id=\"90c6dff\" data-element_type=\"section\" data-settings=\"{&quot;background_background&quot;:&quot;classic&quot;}\">\n\t\t\t\t\t\t<div class=\"elementor-container elementor-column-gap-default\">\n\t\t\t\t\t<div class=\"elementor-column elementor-col-33 elementor-top-column elementor-element elementor-element-4aab78e\" data-id=\"4aab78e\" data-element_type=\"column\">\n\t\t\t<div class=\"elementor-widget-wrap elementor-element-populated\">\n\t\t\t\t\t\t<div class=\"elementor-element elementor-element-4c7fa5 elementor-widget elementor-widget-spacer\" data-id=\"4c7fa5\" data-element_type=\"widget\" data-widget_type=\"spacer.default\">\n\t\t\t\t<div class=\"elementor-widget-container\">\n\t\t\t\t\t\t\t<div class=\"elementor-spacer\">\n\t\t\t<div class=\"elementor-spacer-inner\"><\/div>\n\t\t<\/div>\n\t\t\t\t\t\t<\/div>\n\t\t\t\t<\/div>\n\t\t\t\t\t<\/div>\n\t\t<\/div>\n\t\t\t\t<div class=\"elementor-column elementor-col-66 elementor-top-column elementor-element elementor-element-69ef5184\" data-id=\"69ef5184\" data-element_type=\"column\">\n\t\t\t<div class=\"elementor-widget-wrap elementor-element-populated\">\n\t\t\t\t\t\t<div class=\"elementor-element elementor-element-733cb479 elementor-widget elementor-widget-image\" data-id=\"733cb479\" data-element_type=\"widget\" data-widget_type=\"image.default\">\n\t\t\t\t<div class=\"elementor-widget-container\">\n\t\t\t\t\t\t\t\t\t\t\t\t\t\t\t<img decoding=\"async\" src=\"https:\/\/i0.wp.com\/ketunkullanhyvinvointi.fi\/wp-content\/uploads\/2023\/12\/fysioterapia-paakuva27.png?fit=1900%2C800&#038;ssl=1\" title=\"fysioterapia, p\u00e4\u00e4kuva(27)\" alt=\"fysioterapia, p\u00e4\u00e4kuva(27)\" loading=\"lazy\" \/>\t\t\t\t\t\t\t\t\t\t\t\t\t\t\t<\/div>\n\t\t\t\t<\/div>\n\t\t\t\t<div class=\"elementor-element elementor-element-72b677c7 elementor-widget elementor-widget-spacer\" data-id=\"72b677c7\" data-element_type=\"widget\" data-widget_type=\"spacer.default\">\n\t\t\t\t<div class=\"elementor-widget-container\">\n\t\t\t\t\t\t\t<div class=\"elementor-spacer\">\n\t\t\t<div class=\"elementor-spacer-inner\"><\/div>\n\t\t<\/div>\n\t\t\t\t\t\t<\/div>\n\t\t\t\t<\/div>\n\t\t\t\t<div class=\"elementor-element elementor-element-528dec8a elementor-widget elementor-widget-text-editor\" data-id=\"528dec8a\" data-element_type=\"widget\" data-widget_type=\"text-editor.default\">\n\t\t\t\t<div class=\"elementor-widget-container\">\n\t\t\t\t\t\t\t\t\t<p dir=\"ltr\" style=\"line-height: 1.2; margin-top: 0pt; margin-bottom: 0pt;\"><span id=\"docs-internal-guid-7514cc58-7fff-e8a4-ed16-1d847b450d61\"><span style=\"font-size: 10pt; color: #000000; background-color: transparent; font-variant-numeric: normal; font-variant-east-asian: normal; vertical-align: baseline; white-space: pre-wrap;\">Koulutuspalveluiden avulla halutaan parantaa koiran tai kissan kokonaisvaltaista hyvinvointia. Koulutuksissa laaditaan jokaiselle yksil\u00f6llinen ja el\u00e4m\u00e4ntilanteeseen sopiva koulutussuunnitelma. K\u00e4yt\u00f6skonsultaatiot sis\u00e4lt\u00e4v\u00e4t my\u00f6s hyvinvointikartoituksen, jossa k\u00e4yd\u00e4\u00e4n l\u00e4pi hyvinvointiin vaikuttavat asiat ja miten ne vaikuttavat k\u00e4ytt\u00e4ytymiseen. <\/span><\/span><\/p><p dir=\"ltr\" style=\"line-height: 1.2; margin-top: 0pt; margin-bottom: 0pt;\"><span id=\"docs-internal-guid-7514cc58-7fff-e8a4-ed16-1d847b450d61\"><span style=\"font-size: 10pt; color: #000000; background-color: transparent; font-variant-numeric: normal; font-variant-east-asian: normal; vertical-align: baseline; white-space: pre-wrap;\">\u00a0<\/span><\/span><\/p><p dir=\"ltr\" style=\"line-height: 1.2; margin-top: 0pt; margin-bottom: 0pt;\"><span id=\"docs-internal-guid-7514cc58-7fff-e8a4-ed16-1d847b450d61\"><span style=\"font-size: 10pt; color: #000000; background-color: transparent; font-variant-numeric: normal; font-variant-east-asian: normal; vertical-align: baseline; white-space: pre-wrap;\">Lis\u00e4ksi haluamme tarjota jokaiselle el\u00e4imelle mahdollisimman stressitt\u00f6m\u00e4n el\u00e4m\u00e4n ja tarjoamme erilaisten hoitotoimenpiteiden harjoittelua ja tutustumisk\u00e4yntej\u00e4, joissa huomioidaan el\u00e4imen tunnetilat. Koulutuksella voidaan auttaa arjen isoihin ja pieniin haasteisiin sek\u00e4 esimerkiksi harrastuksen pulmakohtiin. Tavoitteenamme on tyytyv\u00e4inen lemmikki ja omistaja!<\/span><\/span><\/p><p dir=\"ltr\" style=\"line-height: 1.2; margin-top: 0pt; margin-bottom: 0pt;\">\u00a0<\/p>\t\t\t\t\t\t\t\t<\/div>\n\t\t\t\t<\/div>\n\t\t\t\t<div class=\"elementor-element elementor-element-4562a0a1 elementor-widget elementor-widget-spacer\" data-id=\"4562a0a1\" data-element_type=\"widget\" data-widget_type=\"spacer.default\">\n\t\t\t\t<div class=\"elementor-widget-container\">\n\t\t\t\t\t\t\t<div class=\"elementor-spacer\">\n\t\t\t<div class=\"elementor-spacer-inner\"><\/div>\n\t\t<\/div>\n\t\t\t\t\t\t<\/div>\n\t\t\t\t<\/div>\n\t\t\t\t\t<\/div>\n\t\t<\/div>\n\t\t\t\t\t<\/div>\n\t\t<\/section>\n\t\t\t\t<section class=\"elementor-section elementor-top-section elementor-element elementor-element-723f8c34 elementor-section-boxed elementor-section-height-default elementor-section-height-default\" data-id=\"723f8c34\" data-element_type=\"section\" data-settings=\"{&quot;background_background&quot;:&quot;classic&quot;}\">\n\t\t\t\t\t\t<div class=\"elementor-container elementor-column-gap-default\">\n\t\t\t\t\t<div class=\"elementor-column elementor-col-33 elementor-top-column elementor-element elementor-element-49fc2e38\" data-id=\"49fc2e38\" data-element_type=\"column\">\n\t\t\t<div class=\"elementor-widget-wrap elementor-element-populated\">\n\t\t\t\t\t\t<div class=\"elementor-element elementor-element-3ad5338b elementor-widget elementor-widget-spacer\" data-id=\"3ad5338b\" data-element_type=\"widget\" data-widget_type=\"spacer.default\">\n\t\t\t\t<div class=\"elementor-widget-container\">\n\t\t\t\t\t\t\t<div class=\"elementor-spacer\">\n\t\t\t<div class=\"elementor-spacer-inner\"><\/div>\n\t\t<\/div>\n\t\t\t\t\t\t<\/div>\n\t\t\t\t<\/div>\n\t\t\t\t<div class=\"elementor-element elementor-element-85b8a45 elementor-widget elementor-widget-image\" data-id=\"85b8a45\" data-element_type=\"widget\" data-widget_type=\"image.default\">\n\t\t\t\t<div class=\"elementor-widget-container\">\n\t\t\t\t\t\t\t\t\t\t\t\t\t\t\t<img fetchpriority=\"high\" decoding=\"async\" width=\"1024\" height=\"1024\" src=\"https:\/\/i0.wp.com\/ketunkullanhyvinvointi.fi\/wp-content\/uploads\/2022\/10\/henkilo-ja-palvelukuvat-1024-x-1024-px1.png?fit=1024%2C1024&amp;ssl=1\" class=\"attachment-large size-large wp-image-5673\" alt=\"\" srcset=\"https:\/\/i0.wp.com\/ketunkullanhyvinvointi.fi\/wp-content\/uploads\/2022\/10\/henkilo-ja-palvelukuvat-1024-x-1024-px1.png?w=1024&amp;ssl=1 1024w, https:\/\/i0.wp.com\/ketunkullanhyvinvointi.fi\/wp-content\/uploads\/2022\/10\/henkilo-ja-palvelukuvat-1024-x-1024-px1.png?resize=300%2C300&amp;ssl=1 300w, https:\/\/i0.wp.com\/ketunkullanhyvinvointi.fi\/wp-content\/uploads\/2022\/10\/henkilo-ja-palvelukuvat-1024-x-1024-px1.png?resize=150%2C150&amp;ssl=1 150w, https:\/\/i0.wp.com\/ketunkullanhyvinvointi.fi\/wp-content\/uploads\/2022\/10\/henkilo-ja-palvelukuvat-1024-x-1024-px1.png?resize=768%2C768&amp;ssl=1 768w\" sizes=\"(max-width: 1000px) 100vw, 1000px\" \/>\t\t\t\t\t\t\t\t\t\t\t\t\t\t\t<\/div>\n\t\t\t\t<\/div>\n\t\t\t\t<div class=\"elementor-element elementor-element-6844f67f elementor-widget elementor-widget-spacer\" data-id=\"6844f67f\" data-element_type=\"widget\" data-widget_type=\"spacer.default\">\n\t\t\t\t<div class=\"elementor-widget-container\">\n\t\t\t\t\t\t\t<div class=\"elementor-spacer\">\n\t\t\t<div class=\"elementor-spacer-inner\"><\/div>\n\t\t<\/div>\n\t\t\t\t\t\t<\/div>\n\t\t\t\t<\/div>\n\t\t\t\t\t<\/div>\n\t\t<\/div>\n\t\t\t\t<div class=\"elementor-column elementor-col-66 elementor-top-column elementor-element elementor-element-39a2a96b\" data-id=\"39a2a96b\" data-element_type=\"column\">\n\t\t\t<div class=\"elementor-widget-wrap elementor-element-populated\">\n\t\t\t\t\t\t<div class=\"elementor-element elementor-element-788d6a5a elementor-widget elementor-widget-spacer\" data-id=\"788d6a5a\" data-element_type=\"widget\" data-widget_type=\"spacer.default\">\n\t\t\t\t<div class=\"elementor-widget-container\">\n\t\t\t\t\t\t\t<div class=\"elementor-spacer\">\n\t\t\t<div class=\"elementor-spacer-inner\"><\/div>\n\t\t<\/div>\n\t\t\t\t\t\t<\/div>\n\t\t\t\t<\/div>\n\t\t\t\t<div class=\"elementor-element elementor-element-4ac295be elementor-widget elementor-widget-heading\" data-id=\"4ac295be\" data-element_type=\"widget\" data-widget_type=\"heading.default\">\n\t\t\t\t<div class=\"elementor-widget-container\">\n\t\t\t\t\t<h4 class=\"elementor-heading-title elementor-size-default\">Tarjolla olevat koulutuspalvelut<\/h4>\t\t\t\t<\/div>\n\t\t\t\t<\/div>\n\t\t\t\t<div class=\"elementor-element elementor-element-13d22cc6 elementor-widget elementor-widget-text-editor\" data-id=\"13d22cc6\" data-element_type=\"widget\" data-widget_type=\"text-editor.default\">\n\t\t\t\t<div class=\"elementor-widget-container\">\n\t\t\t\t\t\t\t\t\t<p dir=\"ltr\" style=\"line-height: 1.2; margin-top: 0pt; margin-bottom: 0pt;\"><span style=\"font-size: 10pt; font-family: 'Montserrat Alternates',sans-serif; color: #000000; background-color: transparent; font-weight: 400; font-style: normal; font-variant: normal; text-decoration: none; vertical-align: baseline; white-space: pre-wrap;\">&nbsp;<\/span><\/p>\n<p><b>Tutustumisk\u00e4ynti:<\/b> T\u00e4m\u00e4 k\u00e4ynti on tarkoitettu koirille ja kissoille, joille uudet paikat ja\/tai ihmiset ovat j\u00e4nnitt\u00e4vi\u00e4. K\u00e4ynnin tarkoitus on antaa lemmikille hyvi\u00e4 kokemuksia.<\/p>\n<p><span style=\"font-weight: 700;\">Tutustumisk\u00e4ynti vesiterapiaan:<\/span>&nbsp;T\u00e4m\u00e4 k\u00e4ynti on tarkoitettu koirille ja kissoille, joille vesiterapia olisi hyv\u00e4 hoitomuoto esimerkiksi kuntoutuksessa. K\u00e4ynnin tarkoitus on antaa lemmikille hyvi\u00e4 kokemuksia ja mahdollisuus tutustua altaaseen asteittain esimerkiksi ilman vett\u00e4.<br><\/p>\n<p><b>K\u00e4yt\u00f6skonsultaatio:<\/b> T\u00e4m\u00e4 koulutuskonsultaatio on apu arjen haasteisiin tai jonkin yksitt\u00e4isen taidon opettamiseen. K\u00e4yt\u00f6s voi olla esimerkiksi kissan kuljetuslaatikkoon meneminen tai miten koiran kanssa toimitaan ohitustilanteissa.<\/p>\n<p><b>Pennun konsultaatio:<\/b> K\u00e4ynnill\u00e4 k\u00e4yd\u00e4\u00e4n l\u00e4pi asioita, mitk\u00e4 on hyv\u00e4 huomioida uuden perheenj\u00e4senen kanssa. Keskustellaan lemmikin hyvinvoinnista, kehonkielest\u00e4 ja sosiaalistamisesta, sek\u00e4 k\u00e4yd\u00e4\u00e4n l\u00e4pi, miten t\u00e4rkeit\u00e4 taitoja koulutetaan.<\/p>\n<p><b>Kodinvaihtajan tai rescue el\u00e4imen konsultaatio:<\/b> K\u00e4ynnill\u00e4 k\u00e4yd\u00e4\u00e4n l\u00e4pi asioita, mitk\u00e4 on hyv\u00e4 huomioida uuden perheenj\u00e4seneen kanssa. Konsultaatio antaa yksil\u00f6llist\u00e4 ohjeistusta juuri oman lemmikin kouluttamiseen ja hyvinvoinnin parantamiseen.<\/p>\n<p><b>K\u00e4sittely ja hoitotoimenpiteet:<\/b> Koulutuksessa voidaan harjoitella jotain mik\u00e4 kotona tuottaa haastetta, esimerkiksi kynsien leikkuuta tai totuttaa lemmikki\u00e4 esimerkiksi el\u00e4inl\u00e4\u00e4k\u00e4rik\u00e4ynteihin, trimmaukseen tai hierontaan.<span style=\"background-color: transparent; color: #000000; font-size: 10pt; white-space: pre-wrap;\">&nbsp;<\/span><\/p><p><span style=\"font-weight: 700;\">Virikkeit\u00e4 kuntoutujalle:<\/span>&nbsp;Palvelu on fysioterapia-asiakkaille, jotka sairauden tai vamman takia eiv\u00e4t p\u00e4\u00e4se liikkumaan normaalisti. El\u00e4intenkouluttaja suunnittelee yhdess\u00e4 fysioterapeutin kanssa kuntoutusvaiheeseen turvalliset virikkeet lemmikille.<span style=\"background-color: transparent; color: #000000; font-size: 10pt; white-space: pre-wrap;\"><br><\/span><\/p>\n<p dir=\"ltr\" style=\"line-height: 1.2; margin-top: 0pt; margin-bottom: 0pt;\"><br><\/p>\n<div><span style=\"font-size: 10pt; font-family: 'Montserrat Alternates',sans-serif; color: #000000; background-color: transparent; font-weight: 400; font-style: normal; font-variant: normal; text-decoration: none; vertical-align: baseline; white-space: pre-wrap;\">&nbsp;<\/span><\/div>\n<div><span style=\"font-size: 11pt; font-family: 'Montserrat Alternates',sans-serif; color: #000000; background-color: transparent; font-weight: 400; font-style: normal; font-variant: normal; text-decoration: none; vertical-align: baseline; white-space: pre-wrap;\">&nbsp;<\/span><\/div>\t\t\t\t\t\t\t\t<\/div>\n\t\t\t\t<\/div>\n\t\t\t\t\t<\/div>\n\t\t<\/div>\n\t\t\t\t\t<\/div>\n\t\t<\/section>\n\t\t\t\t<\/div>\n\t\t","protected":false},"excerpt":{"rendered":"<p>Koulutuspalveluiden avulla halutaan parantaa koiran tai kissan kokonaisvaltaista hyvinvointia. Koulutuksissa laaditaan jokaiselle yksil\u00f6llinen ja el\u00e4m\u00e4ntilanteeseen sopiva koulutussuunnitelma. K\u00e4yt\u00f6skonsultaatiot sis\u00e4lt\u00e4v\u00e4t my\u00f6s hyvinvointikartoituksen, jossa k\u00e4yd\u00e4\u00e4n l\u00e4pi hyvinvointiin vaikuttavat asiat ja miten ne vaikuttavat k\u00e4ytt\u00e4ytymiseen. \u00a0 Lis\u00e4ksi haluamme tarjota jokaiselle el\u00e4imelle mahdollisimman stressitt\u00f6m\u00e4n el\u00e4m\u00e4n ja tarjoamme erilaisten hoitotoimenpiteiden harjoittelua ja tutustumisk\u00e4yntej\u00e4, joissa huomioidaan el\u00e4imen tunnetilat. Koulutuksella voidaan auttaa [&hellip;]<\/p>\n","protected":false},"author":1,"featured_media":0,"parent":0,"menu_order":0,"comment_status":"closed","ping_status":"closed","template":"","meta":{"site-sidebar-layout":"no-sidebar","site-content-layout":"page-builder","ast-site-content-layout":"","site-content-style":"default","site-sidebar-style":"default","ast-global-header-display":"","ast-banner-title-visibility":"","ast-main-header-display":"","ast-hfb-above-header-display":"","ast-hfb-below-header-display":"","ast-hfb-mobile-header-display":"","site-post-title":"disabled","ast-breadcrumbs-content":"","ast-featured-img":"disabled","footer-sml-layout":"","theme-transparent-header-meta":"","adv-header-id-meta":"","stick-header-meta":"","header-above-stick-meta":"","header-main-stick-meta":"","header-below-stick-meta":"","astra-migrate-meta-layouts":"default","ast-page-background-enabled":"default","ast-page-background-meta":{"desktop":{"background-color":"","background-image":"","background-repeat":"repeat","background-position":"center center","background-size":"auto","background-attachment":"scroll","background-type":"","background-media":"","overlay-type":"","overlay-color":"","overlay-opacity":"","overlay-gradient":""},"tablet":{"background-color":"","background-image":"","background-repeat":"repeat","background-position":"center center","background-size":"auto","background-attachment":"scroll","background-type":"","background-media":"","overlay-type":"","overlay-color":"","overlay-opacity":"","overlay-gradient":""},"mobile":{"background-color":"","background-image":"","background-repeat":"repeat","background-position":"center center","background-size":"auto","background-attachment":"scroll","background-type":"","background-media":"","overlay-type":"","overlay-color":"","overlay-opacity":"","overlay-gradient":""}},"ast-content-background-meta":{"desktop":{"background-color":"var(--ast-global-color-5)","background-image":"","background-repeat":"repeat","background-position":"center center","background-size":"auto","background-attachment":"scroll","background-type":"","background-media":"","overlay-type":"","overlay-color":"","overlay-opacity":"","overlay-gradient":""},"tablet":{"background-color":"var(--ast-global-color-5)","background-image":"","background-repeat":"repeat","background-position":"center center","background-size":"auto","background-attachment":"scroll","background-type":"","background-media":"","overlay-type":"","overlay-color":"","overlay-opacity":"","overlay-gradient":""},"mobile":{"background-color":"var(--ast-global-color-5)","background-image":"","background-repeat":"repeat","background-position":"center center","background-size":"auto","background-attachment":"scroll","background-type":"","background-media":"","overlay-type":"","overlay-color":"","overlay-opacity":"","overlay-gradient":""}},"footnotes":""},"class_list":["post-5620","page","type-page","status-publish","hentry"],"yoast_head":"<!-- This site is optimized with the Yoast SEO plugin v24.2 - https:\/\/yoast.com\/wordpress\/plugins\/seo\/ -->\n<title>El\u00e4intenkoulutus - Ketunkullan Hyvinvointi<\/title>\n<meta name=\"robots\" content=\"index, follow, max-snippet:-1, max-image-preview:large, max-video-preview:-1\" \/>\n<link rel=\"canonical\" href=\"https:\/\/ketunkullanhyvinvointi.fi\/index.php\/elaintenkoulutus\/\" \/>\n<meta property=\"og:locale\" content=\"en_US\" \/>\n<meta property=\"og:type\" content=\"article\" \/>\n<meta property=\"og:title\" content=\"El\u00e4intenkoulutus - Ketunkullan Hyvinvointi\" \/>\n<meta property=\"og:description\" content=\"Koulutuspalveluiden avulla halutaan parantaa koiran tai kissan kokonaisvaltaista hyvinvointia. Koulutuksissa laaditaan jokaiselle yksil\u00f6llinen ja el\u00e4m\u00e4ntilanteeseen sopiva koulutussuunnitelma. K\u00e4yt\u00f6skonsultaatiot sis\u00e4lt\u00e4v\u00e4t my\u00f6s hyvinvointikartoituksen, jossa k\u00e4yd\u00e4\u00e4n l\u00e4pi hyvinvointiin vaikuttavat asiat ja miten ne vaikuttavat k\u00e4ytt\u00e4ytymiseen. \u00a0 Lis\u00e4ksi haluamme tarjota jokaiselle el\u00e4imelle mahdollisimman stressitt\u00f6m\u00e4n el\u00e4m\u00e4n ja tarjoamme erilaisten hoitotoimenpiteiden harjoittelua ja tutustumisk\u00e4yntej\u00e4, joissa huomioidaan el\u00e4imen tunnetilat. Koulutuksella voidaan auttaa [&hellip;]\" \/>\n<meta property=\"og:url\" content=\"https:\/\/ketunkullanhyvinvointi.fi\/index.php\/elaintenkoulutus\/\" \/>\n<meta property=\"og:site_name\" content=\"Ketunkullan Hyvinvointi\" \/>\n<meta property=\"article:modified_time\" content=\"2024-02-12T11:20:03+00:00\" \/>\n<meta property=\"og:image\" content=\"https:\/\/ketunkullanhyvinvointi.fi\/wp-content\/uploads\/elementor\/thumbs\/fysioterapia-paakuva27-qh08eu0tyaeg9klv6zr7oquoecmqqbs73ebwlongn4.png\" \/>\n<meta name=\"twitter:card\" content=\"summary_large_image\" \/>\n<meta name=\"twitter:label1\" content=\"Est. reading time\" \/>\n\t<meta name=\"twitter:data1\" content=\"2 minutes\" \/>\n<script type=\"application\/ld+json\" class=\"yoast-schema-graph\">{\"@context\":\"https:\/\/schema.org\",\"@graph\":[{\"@type\":\"WebPage\",\"@id\":\"https:\/\/ketunkullanhyvinvointi.fi\/index.php\/elaintenkoulutus\/\",\"url\":\"https:\/\/ketunkullanhyvinvointi.fi\/index.php\/elaintenkoulutus\/\",\"name\":\"El\u00e4intenkoulutus - Ketunkullan Hyvinvointi\",\"isPartOf\":{\"@id\":\"https:\/\/ketunkullanhyvinvointi.fi\/#website\"},\"primaryImageOfPage\":{\"@id\":\"https:\/\/ketunkullanhyvinvointi.fi\/index.php\/elaintenkoulutus\/#primaryimage\"},\"image\":{\"@id\":\"https:\/\/ketunkullanhyvinvointi.fi\/index.php\/elaintenkoulutus\/#primaryimage\"},\"thumbnailUrl\":\"https:\/\/ketunkullanhyvinvointi.fi\/wp-content\/uploads\/elementor\/thumbs\/fysioterapia-paakuva27-qh08eu0tyaeg9klv6zr7oquoecmqqbs73ebwlongn4.png\",\"datePublished\":\"2022-10-02T21:51:45+00:00\",\"dateModified\":\"2024-02-12T11:20:03+00:00\",\"breadcrumb\":{\"@id\":\"https:\/\/ketunkullanhyvinvointi.fi\/index.php\/elaintenkoulutus\/#breadcrumb\"},\"inLanguage\":\"en\",\"potentialAction\":[{\"@type\":\"ReadAction\",\"target\":[\"https:\/\/ketunkullanhyvinvointi.fi\/index.php\/elaintenkoulutus\/\"]}]},{\"@type\":\"ImageObject\",\"inLanguage\":\"en\",\"@id\":\"https:\/\/ketunkullanhyvinvointi.fi\/index.php\/elaintenkoulutus\/#primaryimage\",\"url\":\"https:\/\/ketunkullanhyvinvointi.fi\/wp-content\/uploads\/elementor\/thumbs\/fysioterapia-paakuva27-qh08eu0tyaeg9klv6zr7oquoecmqqbs73ebwlongn4.png\",\"contentUrl\":\"https:\/\/ketunkullanhyvinvointi.fi\/wp-content\/uploads\/elementor\/thumbs\/fysioterapia-paakuva27-qh08eu0tyaeg9klv6zr7oquoecmqqbs73ebwlongn4.png\"},{\"@type\":\"BreadcrumbList\",\"@id\":\"https:\/\/ketunkullanhyvinvointi.fi\/index.php\/elaintenkoulutus\/#breadcrumb\",\"itemListElement\":[{\"@type\":\"ListItem\",\"position\":1,\"name\":\"Home\",\"item\":\"https:\/\/ketunkullanhyvinvointi.fi\/\"},{\"@type\":\"ListItem\",\"position\":2,\"name\":\"El\u00e4intenkoulutus\"}]},{\"@type\":\"WebSite\",\"@id\":\"https:\/\/ketunkullanhyvinvointi.fi\/#website\",\"url\":\"https:\/\/ketunkullanhyvinvointi.fi\/\",\"name\":\"Ketunkullan Hyvinvointi\",\"description\":\"Vetreytt&auml; ja vetovoimaa\",\"potentialAction\":[{\"@type\":\"SearchAction\",\"target\":{\"@type\":\"EntryPoint\",\"urlTemplate\":\"https:\/\/ketunkullanhyvinvointi.fi\/?s={search_term_string}\"},\"query-input\":{\"@type\":\"PropertyValueSpecification\",\"valueRequired\":true,\"valueName\":\"search_term_string\"}}],\"inLanguage\":\"en\"}]}<\/script>\n<!-- \/ Yoast SEO plugin. -->","yoast_head_json":{"title":"El\u00e4intenkoulutus - Ketunkullan Hyvinvointi","robots":{"index":"index","follow":"follow","max-snippet":"max-snippet:-1","max-image-preview":"max-image-preview:large","max-video-preview":"max-video-preview:-1"},"canonical":"https:\/\/ketunkullanhyvinvointi.fi\/index.php\/elaintenkoulutus\/","og_locale":"en_US","og_type":"article","og_title":"El\u00e4intenkoulutus - Ketunkullan Hyvinvointi","og_description":"Koulutuspalveluiden avulla halutaan parantaa koiran tai kissan kokonaisvaltaista hyvinvointia. Koulutuksissa laaditaan jokaiselle yksil\u00f6llinen ja el\u00e4m\u00e4ntilanteeseen sopiva koulutussuunnitelma. K\u00e4yt\u00f6skonsultaatiot sis\u00e4lt\u00e4v\u00e4t my\u00f6s hyvinvointikartoituksen, jossa k\u00e4yd\u00e4\u00e4n l\u00e4pi hyvinvointiin vaikuttavat asiat ja miten ne vaikuttavat k\u00e4ytt\u00e4ytymiseen. \u00a0 Lis\u00e4ksi haluamme tarjota jokaiselle el\u00e4imelle mahdollisimman stressitt\u00f6m\u00e4n el\u00e4m\u00e4n ja tarjoamme erilaisten hoitotoimenpiteiden harjoittelua ja tutustumisk\u00e4yntej\u00e4, joissa huomioidaan el\u00e4imen tunnetilat. Koulutuksella voidaan auttaa [&hellip;]","og_url":"https:\/\/ketunkullanhyvinvointi.fi\/index.php\/elaintenkoulutus\/","og_site_name":"Ketunkullan Hyvinvointi","article_modified_time":"2024-02-12T11:20:03+00:00","og_image":[{"url":"https:\/\/ketunkullanhyvinvointi.fi\/wp-content\/uploads\/elementor\/thumbs\/fysioterapia-paakuva27-qh08eu0tyaeg9klv6zr7oquoecmqqbs73ebwlongn4.png","type":"","width":"","height":""}],"twitter_card":"summary_large_image","twitter_misc":{"Est. reading time":"2 minutes"},"schema":{"@context":"https:\/\/schema.org","@graph":[{"@type":"WebPage","@id":"https:\/\/ketunkullanhyvinvointi.fi\/index.php\/elaintenkoulutus\/","url":"https:\/\/ketunkullanhyvinvointi.fi\/index.php\/elaintenkoulutus\/","name":"El\u00e4intenkoulutus - Ketunkullan Hyvinvointi","isPartOf":{"@id":"https:\/\/ketunkullanhyvinvointi.fi\/#website"},"primaryImageOfPage":{"@id":"https:\/\/ketunkullanhyvinvointi.fi\/index.php\/elaintenkoulutus\/#primaryimage"},"image":{"@id":"https:\/\/ketunkullanhyvinvointi.fi\/index.php\/elaintenkoulutus\/#primaryimage"},"thumbnailUrl":"https:\/\/ketunkullanhyvinvointi.fi\/wp-content\/uploads\/elementor\/thumbs\/fysioterapia-paakuva27-qh08eu0tyaeg9klv6zr7oquoecmqqbs73ebwlongn4.png","datePublished":"2022-10-02T21:51:45+00:00","dateModified":"2024-02-12T11:20:03+00:00","breadcrumb":{"@id":"https:\/\/ketunkullanhyvinvointi.fi\/index.php\/elaintenkoulutus\/#breadcrumb"},"inLanguage":"en","potentialAction":[{"@type":"ReadAction","target":["https:\/\/ketunkullanhyvinvointi.fi\/index.php\/elaintenkoulutus\/"]}]},{"@type":"ImageObject","inLanguage":"en","@id":"https:\/\/ketunkullanhyvinvointi.fi\/index.php\/elaintenkoulutus\/#primaryimage","url":"https:\/\/ketunkullanhyvinvointi.fi\/wp-content\/uploads\/elementor\/thumbs\/fysioterapia-paakuva27-qh08eu0tyaeg9klv6zr7oquoecmqqbs73ebwlongn4.png","contentUrl":"https:\/\/ketunkullanhyvinvointi.fi\/wp-content\/uploads\/elementor\/thumbs\/fysioterapia-paakuva27-qh08eu0tyaeg9klv6zr7oquoecmqqbs73ebwlongn4.png"},{"@type":"BreadcrumbList","@id":"https:\/\/ketunkullanhyvinvointi.fi\/index.php\/elaintenkoulutus\/#breadcrumb","itemListElement":[{"@type":"ListItem","position":1,"name":"Home","item":"https:\/\/ketunkullanhyvinvointi.fi\/"},{"@type":"ListItem","position":2,"name":"El\u00e4intenkoulutus"}]},{"@type":"WebSite","@id":"https:\/\/ketunkullanhyvinvointi.fi\/#website","url":"https:\/\/ketunkullanhyvinvointi.fi\/","name":"Ketunkullan Hyvinvointi","description":"Vetreytt&auml; ja vetovoimaa","potentialAction":[{"@type":"SearchAction","target":{"@type":"EntryPoint","urlTemplate":"https:\/\/ketunkullanhyvinvointi.fi\/?s={search_term_string}"},"query-input":{"@type":"PropertyValueSpecification","valueRequired":true,"valueName":"search_term_string"}}],"inLanguage":"en"}]}},"jetpack_sharing_enabled":true,"_links":{"self":[{"href":"https:\/\/ketunkullanhyvinvointi.fi\/index.php\/wp-json\/wp\/v2\/pages\/5620","targetHints":{"allow":["GET"]}}],"collection":[{"href":"https:\/\/ketunkullanhyvinvointi.fi\/index.php\/wp-json\/wp\/v2\/pages"}],"about":[{"href":"https:\/\/ketunkullanhyvinvointi.fi\/index.php\/wp-json\/wp\/v2\/types\/page"}],"author":[{"embeddable":true,"href":"https:\/\/ketunkullanhyvinvointi.fi\/index.php\/wp-json\/wp\/v2\/users\/1"}],"replies":[{"embeddable":true,"href":"https:\/\/ketunkullanhyvinvointi.fi\/index.php\/wp-json\/wp\/v2\/comments?post=5620"}],"version-history":[{"count":83,"href":"https:\/\/ketunkullanhyvinvointi.fi\/index.php\/wp-json\/wp\/v2\/pages\/5620\/revisions"}],"predecessor-version":[{"id":6867,"href":"https:\/\/ketunkullanhyvinvointi.fi\/index.php\/wp-json\/wp\/v2\/pages\/5620\/revisions\/6867"}],"wp:attachment":[{"href":"https:\/\/ketunkullanhyvinvointi.fi\/index.php\/wp-json\/wp\/v2\/media?parent=5620"}],"curies":[{"name":"wp","href":"https:\/\/api.w.org\/{rel}","templated":true}]}}