{"id":5560,"date":"2022-10-02T21:21:34","date_gmt":"2022-10-02T21:21:34","guid":{"rendered":"https:\/\/ketunkullanhyvinvointi.fi\/?page_id=5560"},"modified":"2024-09-26T13:36:27","modified_gmt":"2024-09-26T13:36:27","slug":"vesiterapia","status":"publish","type":"page","link":"https:\/\/ketunkullanhyvinvointi.fi\/index.php\/vesiterapia\/","title":{"rendered":"Vesiterapia"},"content":{"rendered":"\t\t<div data-elementor-type=\"wp-page\" data-elementor-id=\"5560\" class=\"elementor elementor-5560\">\n\t\t\t\t\t\t<section class=\"elementor-section elementor-top-section elementor-element elementor-element-31e1b967 elementor-section-boxed elementor-section-height-default elementor-section-height-default\" data-id=\"31e1b967\" data-element_type=\"section\" data-settings=\"{&quot;background_background&quot;:&quot;classic&quot;}\">\n\t\t\t\t\t\t<div class=\"elementor-container elementor-column-gap-default\">\n\t\t\t\t\t<div class=\"elementor-column elementor-col-33 elementor-top-column elementor-element elementor-element-41b26364\" data-id=\"41b26364\" data-element_type=\"column\">\n\t\t\t<div class=\"elementor-widget-wrap elementor-element-populated\">\n\t\t\t\t\t\t<div class=\"elementor-element elementor-element-7dfd1df8 elementor-widget elementor-widget-spacer\" data-id=\"7dfd1df8\" data-element_type=\"widget\" data-widget_type=\"spacer.default\">\n\t\t\t\t<div class=\"elementor-widget-container\">\n\t\t\t\t\t\t\t<div class=\"elementor-spacer\">\n\t\t\t<div class=\"elementor-spacer-inner\"><\/div>\n\t\t<\/div>\n\t\t\t\t\t\t<\/div>\n\t\t\t\t<\/div>\n\t\t\t\t\t<\/div>\n\t\t<\/div>\n\t\t\t\t<div class=\"elementor-column elementor-col-66 elementor-top-column elementor-element elementor-element-74ea5d30\" data-id=\"74ea5d30\" data-element_type=\"column\">\n\t\t\t<div class=\"elementor-widget-wrap elementor-element-populated\">\n\t\t\t\t\t\t<div class=\"elementor-element elementor-element-54248e60 elementor-widget elementor-widget-image\" data-id=\"54248e60\" data-element_type=\"widget\" data-widget_type=\"image.default\">\n\t\t\t\t<div class=\"elementor-widget-container\">\n\t\t\t\t\t\t\t\t\t\t\t\t\t\t\t<img decoding=\"async\" src=\"https:\/\/i0.wp.com\/ketunkullanhyvinvointi.fi\/wp-content\/uploads\/2023\/12\/fysioterapia-paakuva25.png?fit=1900%2C800&#038;ssl=1\" title=\"fysioterapia, p\u00e4\u00e4kuva(25)\" alt=\"fysioterapia, p\u00e4\u00e4kuva(25)\" loading=\"lazy\" \/>\t\t\t\t\t\t\t\t\t\t\t\t\t\t\t<\/div>\n\t\t\t\t<\/div>\n\t\t\t\t<div class=\"elementor-element elementor-element-175bfc13 elementor-widget elementor-widget-spacer\" data-id=\"175bfc13\" data-element_type=\"widget\" data-widget_type=\"spacer.default\">\n\t\t\t\t<div class=\"elementor-widget-container\">\n\t\t\t\t\t\t\t<div class=\"elementor-spacer\">\n\t\t\t<div class=\"elementor-spacer-inner\"><\/div>\n\t\t<\/div>\n\t\t\t\t\t\t<\/div>\n\t\t\t\t<\/div>\n\t\t\t\t<div class=\"elementor-element elementor-element-4d59bbad elementor-widget elementor-widget-text-editor\" data-id=\"4d59bbad\" data-element_type=\"widget\" data-widget_type=\"text-editor.default\">\n\t\t\t\t<div class=\"elementor-widget-container\">\n\t\t\t\t\t\t\t\t\t<p dir=\"ltr\" style=\"line-height: 1.2; margin-top: 0pt; margin-bottom: 0pt;\"><span style=\"font-size: 10pt; color: #000000; background-color: transparent; font-variant-numeric: normal; font-variant-east-asian: normal; vertical-align: baseline; white-space: pre-wrap;\">Tarjoamme vesijuoksumatolla tapahtuvaa vesiterapiaa koirille ja kissoille. Vesijuoksumatolla el\u00e4in liikkuu altaassa, jossa vedenkorkeus ja liikkumisnopeus on kontrolloitua. Vesi tuottaa nostetta, joka kevent\u00e4\u00e4 el\u00e4imen niveliin kohdistuvaa rasitusta liikkeen aikana. Lis\u00e4ksi vesi tuottaa vastusta liikkeeseen auttaen kasvattamaan el\u00e4imen lihasvoimaa ja parantamaan kuntoa. <\/span><\/p>\n<p dir=\"ltr\" style=\"line-height: 1.2; margin-top: 0pt; margin-bottom: 0pt;\"><span style=\"font-size: 10pt; color: #000000; background-color: transparent; font-variant-numeric: normal; font-variant-east-asian: normal; vertical-align: baseline; white-space: pre-wrap;\">&nbsp;<\/span><\/p>\n<p dir=\"ltr\" style=\"line-height: 1.2; margin-top: 0pt; margin-bottom: 0pt;\"><span style=\"font-size: 10pt; color: #000000; background-color: transparent; font-variant-numeric: normal; font-variant-east-asian: normal; vertical-align: baseline; white-space: pre-wrap;\">Vedess\u00e4 liikkuminen auttaa kehitt\u00e4m\u00e4\u00e4n my\u00f6s tasapainoa, aktivoimaan keskivartaloa sek\u00e4 parantamaan koordinaatiota. T\u00e4st\u00e4 terapiamuodosta puhutaan usein tuttavallisesti nimell\u00e4 &#8220;vesijuoksu&#8221;. Useimpien lemmikkien kohdalla kuitenkin keskityt\u00e4\u00e4n laadukkaaseen liikkeeseen k\u00e4vellen.<\/span><\/p>\n<p dir=\"ltr\" style=\"line-height: 1.2; margin-top: 0pt; margin-bottom: 0pt;\"><span style=\"font-size: 10pt; color: #000000; background-color: transparent; font-variant-numeric: normal; font-variant-east-asian: normal; vertical-align: baseline; white-space: pre-wrap;\"><br><\/span><\/p>\n<p dir=\"ltr\" style=\"line-height: 1.2; margin-top: 0pt; margin-bottom: 0pt;\"><span style=\"font-size: 10pt; color: #000000; background-color: transparent; font-variant-numeric: normal; font-variant-east-asian: normal; vertical-align: baseline; white-space: pre-wrap;\">Vesiharjoittelun j\u00e4lkeen meilt\u00e4 l\u00f6ytyy mahdollisuus my\u00f6s omatoimiseen turkin f\u00f6\u00f6naukseen, jotta kotimatkalla on mukavan kuivaa eik\u00e4 palella!<\/span><\/p>\n<p dir=\"ltr\" style=\"line-height: 1.2; margin-top: 0pt; margin-bottom: 0pt;\"><span style=\"font-size: 10pt; color: #000000; background-color: transparent; font-variant-numeric: normal; font-variant-east-asian: normal; vertical-align: baseline; white-space: pre-wrap;\"><br><\/span><\/p>\n<p dir=\"ltr\" style=\"line-height: 1.2; margin-top: 0pt; margin-bottom: 0pt;\">\n<\/p><p dir=\"ltr\" style=\"line-height: 1.2; margin-top: 0pt; margin-bottom: 0pt;\"><span style=\"font-size: 10pt; color: #000000; background-color: transparent; font-variant-numeric: normal; font-variant-east-asian: normal; vertical-align: baseline; white-space: pre-wrap;\"><b>Muistettavaa:<\/b> K\u00e4yt\u00e4 el\u00e4in tarpeillaan ennen k\u00e4ynti\u00e4, jotta h\u00e4t\u00e4 ei p\u00e4\u00e4se yll\u00e4tt\u00e4m\u00e4\u00e4n. Allas kiitt\u00e4\u00e4, kun tulet mahdollisimman puhtaan el\u00e4imen kanssa. Hyvi\u00e4 nameja mukaan ja tervetuloa treenaamaan!<br><\/span><\/p>\t\t\t\t\t\t\t\t<\/div>\n\t\t\t\t<\/div>\n\t\t\t\t<section class=\"elementor-section elementor-inner-section elementor-element elementor-element-2ffeb47a elementor-section-boxed elementor-section-height-default elementor-section-height-default\" data-id=\"2ffeb47a\" data-element_type=\"section\" data-settings=\"{&quot;background_background&quot;:&quot;classic&quot;}\">\n\t\t\t\t\t\t<div class=\"elementor-container elementor-column-gap-default\">\n\t\t\t\t\t<div class=\"elementor-column elementor-col-100 elementor-inner-column elementor-element elementor-element-52c2f076\" data-id=\"52c2f076\" data-element_type=\"column\">\n\t\t\t<div class=\"elementor-widget-wrap elementor-element-populated\">\n\t\t\t\t\t\t<div class=\"elementor-element elementor-element-4ae1eec4 elementor-widget elementor-widget-spacer\" data-id=\"4ae1eec4\" data-element_type=\"widget\" data-widget_type=\"spacer.default\">\n\t\t\t\t<div class=\"elementor-widget-container\">\n\t\t\t\t\t\t\t<div class=\"elementor-spacer\">\n\t\t\t<div class=\"elementor-spacer-inner\"><\/div>\n\t\t<\/div>\n\t\t\t\t\t\t<\/div>\n\t\t\t\t<\/div>\n\t\t\t\t<div class=\"elementor-element elementor-element-32ea30dc elementor-widget elementor-widget-heading\" data-id=\"32ea30dc\" data-element_type=\"widget\" data-widget_type=\"heading.default\">\n\t\t\t\t<div class=\"elementor-widget-container\">\n\t\t\t\t\t<h4 class=\"elementor-heading-title elementor-size-default\">Kenelle vesiterapia soveltuu?<\/h4>\t\t\t\t<\/div>\n\t\t\t\t<\/div>\n\t\t\t\t<div class=\"elementor-element elementor-element-5eb0f150 elementor-widget elementor-widget-text-editor\" data-id=\"5eb0f150\" data-element_type=\"widget\" data-widget_type=\"text-editor.default\">\n\t\t\t\t<div class=\"elementor-widget-container\">\n\t\t\t\t\t\t\t\t\t<ul>\n<li><span style=\"font-size: 11pt; font-family: 'Montserrat Alternates',sans-serif; color: #000000; background-color: transparent; font-weight: 400; font-style: normal; font-variant: normal; text-decoration: none; vertical-align: baseline; white-space: pre-wrap;\">koirille ja kissoille<\/span><\/li>\n<li><span style=\"font-size: 11pt; font-family: 'Montserrat Alternates',sans-serif; color: #000000; background-color: transparent; font-weight: 400; font-style: normal; font-variant: normal; text-decoration: none; vertical-align: baseline; white-space: pre-wrap;\">neurologisille ja ortopedisille kuntoutujille<\/span><\/li>\n<li><span style=\"font-size: 11pt; font-family: 'Montserrat Alternates',sans-serif; color: #000000; background-color: transparent; font-weight: 400; font-style: normal; font-variant: normal; text-decoration: none; vertical-align: baseline; white-space: pre-wrap;\">leikkauksen j\u00e4lkeiseen kuntoutukseen sek\u00e4 konservatiiviseen eli ilman leikkausta hoidettavaan kuntoutukseen<br><\/span><\/li>\n<li><span style=\"font-size: 11pt; font-family: 'Montserrat Alternates',sans-serif; color: #000000; background-color: transparent; font-weight: 400; font-style: normal; font-variant: normal; text-decoration: none; vertical-align: baseline; white-space: pre-wrap;\">urheilu- ja ty\u00f6koirille<\/span><\/li><li><font color=\"#000000\"><span style=\"font-size: 14.6667px; white-space: pre-wrap;\">nivelrikkoisille koirille ja kissoille<\/span><\/font><\/li>\n<li><span style=\"background-color: transparent; color: #000000; font-size: 11pt; white-space: pre-wrap;\">senioreille ja painonpudotukseen<\/span><\/li>\n<\/ul>\t\t\t\t\t\t\t\t<\/div>\n\t\t\t\t<\/div>\n\t\t\t\t\t<\/div>\n\t\t<\/div>\n\t\t\t\t\t<\/div>\n\t\t<\/section>\n\t\t\t\t<div class=\"elementor-element elementor-element-79731a9 elementor-widget elementor-widget-spacer\" data-id=\"79731a9\" data-element_type=\"widget\" data-widget_type=\"spacer.default\">\n\t\t\t\t<div class=\"elementor-widget-container\">\n\t\t\t\t\t\t\t<div class=\"elementor-spacer\">\n\t\t\t<div class=\"elementor-spacer-inner\"><\/div>\n\t\t<\/div>\n\t\t\t\t\t\t<\/div>\n\t\t\t\t<\/div>\n\t\t\t\t\t<\/div>\n\t\t<\/div>\n\t\t\t\t\t<\/div>\n\t\t<\/section>\n\t\t\t\t<\/div>\n\t\t","protected":false},"excerpt":{"rendered":"<p>Tarjoamme vesijuoksumatolla tapahtuvaa vesiterapiaa koirille ja kissoille. Vesijuoksumatolla el\u00e4in liikkuu altaassa, jossa vedenkorkeus ja liikkumisnopeus on kontrolloitua. Vesi tuottaa nostetta, joka kevent\u00e4\u00e4 el\u00e4imen niveliin kohdistuvaa rasitusta liikkeen aikana. Lis\u00e4ksi vesi tuottaa vastusta liikkeeseen auttaen kasvattamaan el\u00e4imen lihasvoimaa ja parantamaan kuntoa. &nbsp; Vedess\u00e4 liikkuminen auttaa kehitt\u00e4m\u00e4\u00e4n my\u00f6s tasapainoa, aktivoimaan keskivartaloa sek\u00e4 parantamaan koordinaatiota. T\u00e4st\u00e4 terapiamuodosta puhutaan [&hellip;]<\/p>\n","protected":false},"author":1,"featured_media":0,"parent":0,"menu_order":0,"comment_status":"closed","ping_status":"closed","template":"","meta":{"site-sidebar-layout":"no-sidebar","site-content-layout":"page-builder","ast-site-content-layout":"","site-content-style":"default","site-sidebar-style":"default","ast-global-header-display":"","ast-banner-title-visibility":"","ast-main-header-display":"","ast-hfb-above-header-display":"","ast-hfb-below-header-display":"","ast-hfb-mobile-header-display":"","site-post-title":"disabled","ast-breadcrumbs-content":"","ast-featured-img":"disabled","footer-sml-layout":"","theme-transparent-header-meta":"","adv-header-id-meta":"","stick-header-meta":"","header-above-stick-meta":"","header-main-stick-meta":"","header-below-stick-meta":"","astra-migrate-meta-layouts":"default","ast-page-background-enabled":"default","ast-page-background-meta":{"desktop":{"background-color":"","background-image":"","background-repeat":"repeat","background-position":"center center","background-size":"auto","background-attachment":"scroll","background-type":"","background-media":"","overlay-type":"","overlay-color":"","overlay-opacity":"","overlay-gradient":""},"tablet":{"background-color":"","background-image":"","background-repeat":"repeat","background-position":"center center","background-size":"auto","background-attachment":"scroll","background-type":"","background-media":"","overlay-type":"","overlay-color":"","overlay-opacity":"","overlay-gradient":""},"mobile":{"background-color":"","background-image":"","background-repeat":"repeat","background-position":"center center","background-size":"auto","background-attachment":"scroll","background-type":"","background-media":"","overlay-type":"","overlay-color":"","overlay-opacity":"","overlay-gradient":""}},"ast-content-background-meta":{"desktop":{"background-color":"var(--ast-global-color-5)","background-image":"","background-repeat":"repeat","background-position":"center center","background-size":"auto","background-attachment":"scroll","background-type":"","background-media":"","overlay-type":"","overlay-color":"","overlay-opacity":"","overlay-gradient":""},"tablet":{"background-color":"var(--ast-global-color-5)","background-image":"","background-repeat":"repeat","background-position":"center center","background-size":"auto","background-attachment":"scroll","background-type":"","background-media":"","overlay-type":"","overlay-color":"","overlay-opacity":"","overlay-gradient":""},"mobile":{"background-color":"var(--ast-global-color-5)","background-image":"","background-repeat":"repeat","background-position":"center center","background-size":"auto","background-attachment":"scroll","background-type":"","background-media":"","overlay-type":"","overlay-color":"","overlay-opacity":"","overlay-gradient":""}},"footnotes":""},"class_list":["post-5560","page","type-page","status-publish","hentry"],"yoast_head":"<!-- This site is optimized with the Yoast SEO plugin v24.2 - https:\/\/yoast.com\/wordpress\/plugins\/seo\/ -->\n<title>Vesiterapia - Ketunkullan Hyvinvointi<\/title>\n<meta name=\"robots\" content=\"index, follow, max-snippet:-1, max-image-preview:large, max-video-preview:-1\" \/>\n<link rel=\"canonical\" href=\"https:\/\/ketunkullanhyvinvointi.fi\/index.php\/vesiterapia\/\" \/>\n<meta property=\"og:locale\" content=\"en_US\" \/>\n<meta property=\"og:type\" content=\"article\" \/>\n<meta property=\"og:title\" content=\"Vesiterapia - Ketunkullan Hyvinvointi\" \/>\n<meta property=\"og:description\" content=\"Tarjoamme vesijuoksumatolla tapahtuvaa vesiterapiaa koirille ja kissoille. Vesijuoksumatolla el\u00e4in liikkuu altaassa, jossa vedenkorkeus ja liikkumisnopeus on kontrolloitua. Vesi tuottaa nostetta, joka kevent\u00e4\u00e4 el\u00e4imen niveliin kohdistuvaa rasitusta liikkeen aikana. Lis\u00e4ksi vesi tuottaa vastusta liikkeeseen auttaen kasvattamaan el\u00e4imen lihasvoimaa ja parantamaan kuntoa. &nbsp; Vedess\u00e4 liikkuminen auttaa kehitt\u00e4m\u00e4\u00e4n my\u00f6s tasapainoa, aktivoimaan keskivartaloa sek\u00e4 parantamaan koordinaatiota. T\u00e4st\u00e4 terapiamuodosta puhutaan [&hellip;]\" \/>\n<meta property=\"og:url\" content=\"https:\/\/ketunkullanhyvinvointi.fi\/index.php\/vesiterapia\/\" \/>\n<meta property=\"og:site_name\" content=\"Ketunkullan Hyvinvointi\" \/>\n<meta property=\"article:modified_time\" content=\"2024-09-26T13:36:27+00:00\" \/>\n<meta property=\"og:image\" content=\"https:\/\/ketunkullanhyvinvointi.fi\/wp-content\/uploads\/elementor\/thumbs\/fysioterapia-paakuva25-qh089ar1petnw8nbilmb054ygnwxeht3o00yv0uxa8.png\" \/>\n<meta name=\"twitter:card\" content=\"summary_large_image\" \/>\n<meta name=\"twitter:label1\" content=\"Est. reading time\" \/>\n\t<meta name=\"twitter:data1\" content=\"1 minute\" \/>\n<script type=\"application\/ld+json\" class=\"yoast-schema-graph\">{\"@context\":\"https:\/\/schema.org\",\"@graph\":[{\"@type\":\"WebPage\",\"@id\":\"https:\/\/ketunkullanhyvinvointi.fi\/index.php\/vesiterapia\/\",\"url\":\"https:\/\/ketunkullanhyvinvointi.fi\/index.php\/vesiterapia\/\",\"name\":\"Vesiterapia - Ketunkullan Hyvinvointi\",\"isPartOf\":{\"@id\":\"https:\/\/ketunkullanhyvinvointi.fi\/#website\"},\"primaryImageOfPage\":{\"@id\":\"https:\/\/ketunkullanhyvinvointi.fi\/index.php\/vesiterapia\/#primaryimage\"},\"image\":{\"@id\":\"https:\/\/ketunkullanhyvinvointi.fi\/index.php\/vesiterapia\/#primaryimage\"},\"thumbnailUrl\":\"https:\/\/ketunkullanhyvinvointi.fi\/wp-content\/uploads\/elementor\/thumbs\/fysioterapia-paakuva25-qh089ar1petnw8nbilmb054ygnwxeht3o00yv0uxa8.png\",\"datePublished\":\"2022-10-02T21:21:34+00:00\",\"dateModified\":\"2024-09-26T13:36:27+00:00\",\"breadcrumb\":{\"@id\":\"https:\/\/ketunkullanhyvinvointi.fi\/index.php\/vesiterapia\/#breadcrumb\"},\"inLanguage\":\"en\",\"potentialAction\":[{\"@type\":\"ReadAction\",\"target\":[\"https:\/\/ketunkullanhyvinvointi.fi\/index.php\/vesiterapia\/\"]}]},{\"@type\":\"ImageObject\",\"inLanguage\":\"en\",\"@id\":\"https:\/\/ketunkullanhyvinvointi.fi\/index.php\/vesiterapia\/#primaryimage\",\"url\":\"https:\/\/ketunkullanhyvinvointi.fi\/wp-content\/uploads\/elementor\/thumbs\/fysioterapia-paakuva25-qh089ar1petnw8nbilmb054ygnwxeht3o00yv0uxa8.png\",\"contentUrl\":\"https:\/\/ketunkullanhyvinvointi.fi\/wp-content\/uploads\/elementor\/thumbs\/fysioterapia-paakuva25-qh089ar1petnw8nbilmb054ygnwxeht3o00yv0uxa8.png\"},{\"@type\":\"BreadcrumbList\",\"@id\":\"https:\/\/ketunkullanhyvinvointi.fi\/index.php\/vesiterapia\/#breadcrumb\",\"itemListElement\":[{\"@type\":\"ListItem\",\"position\":1,\"name\":\"Home\",\"item\":\"https:\/\/ketunkullanhyvinvointi.fi\/\"},{\"@type\":\"ListItem\",\"position\":2,\"name\":\"Vesiterapia\"}]},{\"@type\":\"WebSite\",\"@id\":\"https:\/\/ketunkullanhyvinvointi.fi\/#website\",\"url\":\"https:\/\/ketunkullanhyvinvointi.fi\/\",\"name\":\"Ketunkullan Hyvinvointi\",\"description\":\"Vetreytt&auml; ja vetovoimaa\",\"potentialAction\":[{\"@type\":\"SearchAction\",\"target\":{\"@type\":\"EntryPoint\",\"urlTemplate\":\"https:\/\/ketunkullanhyvinvointi.fi\/?s={search_term_string}\"},\"query-input\":{\"@type\":\"PropertyValueSpecification\",\"valueRequired\":true,\"valueName\":\"search_term_string\"}}],\"inLanguage\":\"en\"}]}<\/script>\n<!-- \/ Yoast SEO plugin. -->","yoast_head_json":{"title":"Vesiterapia - Ketunkullan Hyvinvointi","robots":{"index":"index","follow":"follow","max-snippet":"max-snippet:-1","max-image-preview":"max-image-preview:large","max-video-preview":"max-video-preview:-1"},"canonical":"https:\/\/ketunkullanhyvinvointi.fi\/index.php\/vesiterapia\/","og_locale":"en_US","og_type":"article","og_title":"Vesiterapia - Ketunkullan Hyvinvointi","og_description":"Tarjoamme vesijuoksumatolla tapahtuvaa vesiterapiaa koirille ja kissoille. Vesijuoksumatolla el\u00e4in liikkuu altaassa, jossa vedenkorkeus ja liikkumisnopeus on kontrolloitua. Vesi tuottaa nostetta, joka kevent\u00e4\u00e4 el\u00e4imen niveliin kohdistuvaa rasitusta liikkeen aikana. Lis\u00e4ksi vesi tuottaa vastusta liikkeeseen auttaen kasvattamaan el\u00e4imen lihasvoimaa ja parantamaan kuntoa. &nbsp; Vedess\u00e4 liikkuminen auttaa kehitt\u00e4m\u00e4\u00e4n my\u00f6s tasapainoa, aktivoimaan keskivartaloa sek\u00e4 parantamaan koordinaatiota. T\u00e4st\u00e4 terapiamuodosta puhutaan [&hellip;]","og_url":"https:\/\/ketunkullanhyvinvointi.fi\/index.php\/vesiterapia\/","og_site_name":"Ketunkullan Hyvinvointi","article_modified_time":"2024-09-26T13:36:27+00:00","og_image":[{"url":"https:\/\/ketunkullanhyvinvointi.fi\/wp-content\/uploads\/elementor\/thumbs\/fysioterapia-paakuva25-qh089ar1petnw8nbilmb054ygnwxeht3o00yv0uxa8.png","type":"","width":"","height":""}],"twitter_card":"summary_large_image","twitter_misc":{"Est. reading time":"1 minute"},"schema":{"@context":"https:\/\/schema.org","@graph":[{"@type":"WebPage","@id":"https:\/\/ketunkullanhyvinvointi.fi\/index.php\/vesiterapia\/","url":"https:\/\/ketunkullanhyvinvointi.fi\/index.php\/vesiterapia\/","name":"Vesiterapia - Ketunkullan Hyvinvointi","isPartOf":{"@id":"https:\/\/ketunkullanhyvinvointi.fi\/#website"},"primaryImageOfPage":{"@id":"https:\/\/ketunkullanhyvinvointi.fi\/index.php\/vesiterapia\/#primaryimage"},"image":{"@id":"https:\/\/ketunkullanhyvinvointi.fi\/index.php\/vesiterapia\/#primaryimage"},"thumbnailUrl":"https:\/\/ketunkullanhyvinvointi.fi\/wp-content\/uploads\/elementor\/thumbs\/fysioterapia-paakuva25-qh089ar1petnw8nbilmb054ygnwxeht3o00yv0uxa8.png","datePublished":"2022-10-02T21:21:34+00:00","dateModified":"2024-09-26T13:36:27+00:00","breadcrumb":{"@id":"https:\/\/ketunkullanhyvinvointi.fi\/index.php\/vesiterapia\/#breadcrumb"},"inLanguage":"en","potentialAction":[{"@type":"ReadAction","target":["https:\/\/ketunkullanhyvinvointi.fi\/index.php\/vesiterapia\/"]}]},{"@type":"ImageObject","inLanguage":"en","@id":"https:\/\/ketunkullanhyvinvointi.fi\/index.php\/vesiterapia\/#primaryimage","url":"https:\/\/ketunkullanhyvinvointi.fi\/wp-content\/uploads\/elementor\/thumbs\/fysioterapia-paakuva25-qh089ar1petnw8nbilmb054ygnwxeht3o00yv0uxa8.png","contentUrl":"https:\/\/ketunkullanhyvinvointi.fi\/wp-content\/uploads\/elementor\/thumbs\/fysioterapia-paakuva25-qh089ar1petnw8nbilmb054ygnwxeht3o00yv0uxa8.png"},{"@type":"BreadcrumbList","@id":"https:\/\/ketunkullanhyvinvointi.fi\/index.php\/vesiterapia\/#breadcrumb","itemListElement":[{"@type":"ListItem","position":1,"name":"Home","item":"https:\/\/ketunkullanhyvinvointi.fi\/"},{"@type":"ListItem","position":2,"name":"Vesiterapia"}]},{"@type":"WebSite","@id":"https:\/\/ketunkullanhyvinvointi.fi\/#website","url":"https:\/\/ketunkullanhyvinvointi.fi\/","name":"Ketunkullan Hyvinvointi","description":"Vetreytt&auml; ja vetovoimaa","potentialAction":[{"@type":"SearchAction","target":{"@type":"EntryPoint","urlTemplate":"https:\/\/ketunkullanhyvinvointi.fi\/?s={search_term_string}"},"query-input":{"@type":"PropertyValueSpecification","valueRequired":true,"valueName":"search_term_string"}}],"inLanguage":"en"}]}},"jetpack_sharing_enabled":true,"_links":{"self":[{"href":"https:\/\/ketunkullanhyvinvointi.fi\/index.php\/wp-json\/wp\/v2\/pages\/5560","targetHints":{"allow":["GET"]}}],"collection":[{"href":"https:\/\/ketunkullanhyvinvointi.fi\/index.php\/wp-json\/wp\/v2\/pages"}],"about":[{"href":"https:\/\/ketunkullanhyvinvointi.fi\/index.php\/wp-json\/wp\/v2\/types\/page"}],"author":[{"embeddable":true,"href":"https:\/\/ketunkullanhyvinvointi.fi\/index.php\/wp-json\/wp\/v2\/users\/1"}],"replies":[{"embeddable":true,"href":"https:\/\/ketunkullanhyvinvointi.fi\/index.php\/wp-json\/wp\/v2\/comments?post=5560"}],"version-history":[{"count":112,"href":"https:\/\/ketunkullanhyvinvointi.fi\/index.php\/wp-json\/wp\/v2\/pages\/5560\/revisions"}],"predecessor-version":[{"id":7657,"href":"https:\/\/ketunkullanhyvinvointi.fi\/index.php\/wp-json\/wp\/v2\/pages\/5560\/revisions\/7657"}],"wp:attachment":[{"href":"https:\/\/ketunkullanhyvinvointi.fi\/index.php\/wp-json\/wp\/v2\/media?parent=5560"}],"curies":[{"name":"wp","href":"https:\/\/api.w.org\/{rel}","templated":true}]}}