{"id":1670,"date":"2022-02-28T13:27:59","date_gmt":"2022-02-28T13:27:59","guid":{"rendered":"https:\/\/ketunkullanhyvinvointi.fi\/?page_id=1670"},"modified":"2023-12-18T19:02:50","modified_gmt":"2023-12-18T19:02:50","slug":"koirahieronta","status":"publish","type":"page","link":"https:\/\/ketunkullanhyvinvointi.fi\/index.php\/koirahieronta\/","title":{"rendered":"Koirahieronta"},"content":{"rendered":"\t\t<div data-elementor-type=\"wp-page\" data-elementor-id=\"1670\" class=\"elementor elementor-1670\">\n\t\t\t\t\t\t<section class=\"elementor-section elementor-top-section elementor-element elementor-element-25b99e7e elementor-section-boxed elementor-section-height-default elementor-section-height-default\" data-id=\"25b99e7e\" data-element_type=\"section\" data-settings=\"{&quot;background_background&quot;:&quot;classic&quot;}\">\n\t\t\t\t\t\t<div class=\"elementor-container elementor-column-gap-default\">\n\t\t\t\t\t<div class=\"elementor-column elementor-col-33 elementor-top-column elementor-element elementor-element-e4a462d\" data-id=\"e4a462d\" data-element_type=\"column\">\n\t\t\t<div class=\"elementor-widget-wrap elementor-element-populated\">\n\t\t\t\t\t\t<div class=\"elementor-element elementor-element-2e29476 elementor-widget elementor-widget-spacer\" data-id=\"2e29476\" data-element_type=\"widget\" data-widget_type=\"spacer.default\">\n\t\t\t\t<div class=\"elementor-widget-container\">\n\t\t\t\t\t\t\t<div class=\"elementor-spacer\">\n\t\t\t<div class=\"elementor-spacer-inner\"><\/div>\n\t\t<\/div>\n\t\t\t\t\t\t<\/div>\n\t\t\t\t<\/div>\n\t\t\t\t\t<\/div>\n\t\t<\/div>\n\t\t\t\t<div class=\"elementor-column elementor-col-66 elementor-top-column elementor-element elementor-element-702af696\" data-id=\"702af696\" data-element_type=\"column\">\n\t\t\t<div class=\"elementor-widget-wrap elementor-element-populated\">\n\t\t\t\t\t\t<div class=\"elementor-element elementor-element-64b7b4ae elementor-widget elementor-widget-image\" data-id=\"64b7b4ae\" data-element_type=\"widget\" data-widget_type=\"image.default\">\n\t\t\t\t<div class=\"elementor-widget-container\">\n\t\t\t\t\t\t\t\t\t\t\t\t\t\t\t<img decoding=\"async\" src=\"https:\/\/i0.wp.com\/ketunkullanhyvinvointi.fi\/wp-content\/uploads\/2023\/12\/fysioterapia-paakuva26.png?fit=1900%2C800&#038;ssl=1\" title=\"fysioterapia, p\u00e4\u00e4kuva(26)\" alt=\"fysioterapia, p\u00e4\u00e4kuva(26)\" loading=\"lazy\" \/>\t\t\t\t\t\t\t\t\t\t\t\t\t\t\t<\/div>\n\t\t\t\t<\/div>\n\t\t\t\t<div class=\"elementor-element elementor-element-11f1a40e elementor-widget elementor-widget-spacer\" data-id=\"11f1a40e\" data-element_type=\"widget\" data-widget_type=\"spacer.default\">\n\t\t\t\t<div class=\"elementor-widget-container\">\n\t\t\t\t\t\t\t<div class=\"elementor-spacer\">\n\t\t\t<div class=\"elementor-spacer-inner\"><\/div>\n\t\t<\/div>\n\t\t\t\t\t\t<\/div>\n\t\t\t\t<\/div>\n\t\t\t\t<div class=\"elementor-element elementor-element-47b81385 elementor-widget elementor-widget-text-editor\" data-id=\"47b81385\" data-element_type=\"widget\" data-widget_type=\"text-editor.default\">\n\t\t\t\t<div class=\"elementor-widget-container\">\n\t\t\t\t\t\t\t\t\t<p dir=\"ltr\" style=\"line-height: 1.2; margin-top: 0pt; margin-bottom: 0pt;\"><span style=\"font-size: 10pt; font-family: 'Montserrat Alternates',sans-serif; color: #000000; background-color: transparent; font-weight: 400; font-style: normal; font-variant: normal; text-decoration: none; vertical-align: baseline; white-space: pre-wrap;\">Koirahieronta vilkastuttaa aineenvaihduntaa, lis\u00e4\u00e4 lihasten elastisuutta, lihasten liikelaajuus paranee, ne pehmenev\u00e4t ja rentoutuvat. Koiran stressitaso laskee. Hieronta nopeuttaa suorituksesta palautumista. Hieronta sopii erinomaisesti my\u00f6s i\u00e4kk\u00e4ille koirille ja koirille, joiden liikunta on yksipuolista tai esimerkiksi jotka vet\u00e4v\u00e4t taluttimessa. Hieronta yll\u00e4pit\u00e4\u00e4 lihaksiston kuntoa ja liikkuvuutta. Hierontaa kannattaa k\u00e4ytt\u00e4\u00e4 my\u00f6s ennaltaehk\u00e4isem\u00e4\u00e4n jumien ja rasitusvammojen syntymist\u00e4. Hierontaa ei suositella, jos koiralla on jokin tuore vamma (esim. lihasrev\u00e4hdys), ihotulehdus, akuutti tulehdus, virussairaus, kuume eik\u00e4 tiineyden aikana.<\/span><\/p>\n<p dir=\"ltr\" style=\"line-height: 1.2; margin-top: 0pt; margin-bottom: 0pt;\"><span id=\"docs-internal-guid-db776dec-7fff-b2d0-a72a-b00a5ecd3f42\">&nbsp;<\/span><\/p>\n<p dir=\"ltr\" style=\"line-height: 1.2; margin-top: 0pt; margin-bottom: 0pt;\"><span style=\"font-size: 10pt; font-family: 'Montserrat Alternates',sans-serif; color: #000000; background-color: transparent; font-weight: 400; font-style: normal; font-variant: normal; text-decoration: none; vertical-align: baseline; white-space: pre-wrap;\">Hierontaan ensimm\u00e4ist\u00e4 kertaa tuleville ja k\u00e4sittelyyn totutteleville pennuille voidaan varata lyhyempi tutustumisk\u00e4ynti.<\/span><\/p>\t\t\t\t\t\t\t\t<\/div>\n\t\t\t\t<\/div>\n\t\t\t\t<div class=\"elementor-element elementor-element-2a7b3fec elementor-widget elementor-widget-spacer\" data-id=\"2a7b3fec\" data-element_type=\"widget\" data-widget_type=\"spacer.default\">\n\t\t\t\t<div class=\"elementor-widget-container\">\n\t\t\t\t\t\t\t<div class=\"elementor-spacer\">\n\t\t\t<div class=\"elementor-spacer-inner\"><\/div>\n\t\t<\/div>\n\t\t\t\t\t\t<\/div>\n\t\t\t\t<\/div>\n\t\t\t\t\t<\/div>\n\t\t<\/div>\n\t\t\t\t\t<\/div>\n\t\t<\/section>\n\t\t\t\t<\/div>\n\t\t","protected":false},"excerpt":{"rendered":"<p>Koirahieronta vilkastuttaa aineenvaihduntaa, lis\u00e4\u00e4 lihasten elastisuutta, lihasten liikelaajuus paranee, ne pehmenev\u00e4t ja rentoutuvat. Koiran stressitaso laskee. Hieronta nopeuttaa suorituksesta palautumista. Hieronta sopii erinomaisesti my\u00f6s i\u00e4kk\u00e4ille koirille ja koirille, joiden liikunta on yksipuolista tai esimerkiksi jotka vet\u00e4v\u00e4t taluttimessa. Hieronta yll\u00e4pit\u00e4\u00e4 lihaksiston kuntoa ja liikkuvuutta. Hierontaa kannattaa k\u00e4ytt\u00e4\u00e4 my\u00f6s ennaltaehk\u00e4isem\u00e4\u00e4n jumien ja rasitusvammojen syntymist\u00e4. Hierontaa ei suositella, [&hellip;]<\/p>\n","protected":false},"author":1,"featured_media":0,"parent":0,"menu_order":0,"comment_status":"closed","ping_status":"closed","template":"","meta":{"site-sidebar-layout":"no-sidebar","site-content-layout":"page-builder","ast-site-content-layout":"","site-content-style":"default","site-sidebar-style":"default","ast-global-header-display":"","ast-banner-title-visibility":"","ast-main-header-display":"","ast-hfb-above-header-display":"","ast-hfb-below-header-display":"","ast-hfb-mobile-header-display":"","site-post-title":"disabled","ast-breadcrumbs-content":"","ast-featured-img":"disabled","footer-sml-layout":"","theme-transparent-header-meta":"","adv-header-id-meta":"","stick-header-meta":"","header-above-stick-meta":"","header-main-stick-meta":"","header-below-stick-meta":"","astra-migrate-meta-layouts":"default","ast-page-background-enabled":"default","ast-page-background-meta":{"desktop":{"background-color":"","background-image":"","background-repeat":"repeat","background-position":"center center","background-size":"auto","background-attachment":"scroll","background-type":"","background-media":"","overlay-type":"","overlay-color":"","overlay-opacity":"","overlay-gradient":""},"tablet":{"background-color":"","background-image":"","background-repeat":"repeat","background-position":"center center","background-size":"auto","background-attachment":"scroll","background-type":"","background-media":"","overlay-type":"","overlay-color":"","overlay-opacity":"","overlay-gradient":""},"mobile":{"background-color":"","background-image":"","background-repeat":"repeat","background-position":"center center","background-size":"auto","background-attachment":"scroll","background-type":"","background-media":"","overlay-type":"","overlay-color":"","overlay-opacity":"","overlay-gradient":""}},"ast-content-background-meta":{"desktop":{"background-color":"var(--ast-global-color-5)","background-image":"","background-repeat":"repeat","background-position":"center center","background-size":"auto","background-attachment":"scroll","background-type":"","background-media":"","overlay-type":"","overlay-color":"","overlay-opacity":"","overlay-gradient":""},"tablet":{"background-color":"var(--ast-global-color-5)","background-image":"","background-repeat":"repeat","background-position":"center center","background-size":"auto","background-attachment":"scroll","background-type":"","background-media":"","overlay-type":"","overlay-color":"","overlay-opacity":"","overlay-gradient":""},"mobile":{"background-color":"var(--ast-global-color-5)","background-image":"","background-repeat":"repeat","background-position":"center center","background-size":"auto","background-attachment":"scroll","background-type":"","background-media":"","overlay-type":"","overlay-color":"","overlay-opacity":"","overlay-gradient":""}},"footnotes":""},"class_list":["post-1670","page","type-page","status-publish","hentry"],"yoast_head":"<!-- This site is optimized with the Yoast SEO plugin v24.2 - https:\/\/yoast.com\/wordpress\/plugins\/seo\/ -->\n<title>Koirahieronta - Ketunkullan Hyvinvointi<\/title>\n<meta name=\"robots\" content=\"index, follow, max-snippet:-1, max-image-preview:large, max-video-preview:-1\" \/>\n<link rel=\"canonical\" href=\"https:\/\/ketunkullanhyvinvointi.fi\/index.php\/koirahieronta\/\" \/>\n<meta property=\"og:locale\" content=\"en_US\" \/>\n<meta property=\"og:type\" content=\"article\" \/>\n<meta property=\"og:title\" content=\"Koirahieronta - Ketunkullan Hyvinvointi\" \/>\n<meta property=\"og:description\" content=\"Koirahieronta vilkastuttaa aineenvaihduntaa, lis\u00e4\u00e4 lihasten elastisuutta, lihasten liikelaajuus paranee, ne pehmenev\u00e4t ja rentoutuvat. Koiran stressitaso laskee. Hieronta nopeuttaa suorituksesta palautumista. Hieronta sopii erinomaisesti my\u00f6s i\u00e4kk\u00e4ille koirille ja koirille, joiden liikunta on yksipuolista tai esimerkiksi jotka vet\u00e4v\u00e4t taluttimessa. Hieronta yll\u00e4pit\u00e4\u00e4 lihaksiston kuntoa ja liikkuvuutta. Hierontaa kannattaa k\u00e4ytt\u00e4\u00e4 my\u00f6s ennaltaehk\u00e4isem\u00e4\u00e4n jumien ja rasitusvammojen syntymist\u00e4. Hierontaa ei suositella, [&hellip;]\" \/>\n<meta property=\"og:url\" content=\"https:\/\/ketunkullanhyvinvointi.fi\/index.php\/koirahieronta\/\" \/>\n<meta property=\"og:site_name\" content=\"Ketunkullan Hyvinvointi\" \/>\n<meta property=\"article:modified_time\" content=\"2023-12-18T19:02:50+00:00\" \/>\n<meta property=\"og:image\" content=\"https:\/\/ketunkullanhyvinvointi.fi\/wp-content\/uploads\/elementor\/thumbs\/fysioterapia-paakuva26-qh087f2o1c90obdmhsd60m7rox6i0acfep20b3n9q8.png\" \/>\n<meta name=\"twitter:card\" content=\"summary_large_image\" \/>\n<meta name=\"twitter:label1\" content=\"Est. reading time\" \/>\n\t<meta name=\"twitter:data1\" content=\"1 minute\" \/>\n<script type=\"application\/ld+json\" class=\"yoast-schema-graph\">{\"@context\":\"https:\/\/schema.org\",\"@graph\":[{\"@type\":\"WebPage\",\"@id\":\"https:\/\/ketunkullanhyvinvointi.fi\/index.php\/koirahieronta\/\",\"url\":\"https:\/\/ketunkullanhyvinvointi.fi\/index.php\/koirahieronta\/\",\"name\":\"Koirahieronta - Ketunkullan Hyvinvointi\",\"isPartOf\":{\"@id\":\"https:\/\/ketunkullanhyvinvointi.fi\/#website\"},\"primaryImageOfPage\":{\"@id\":\"https:\/\/ketunkullanhyvinvointi.fi\/index.php\/koirahieronta\/#primaryimage\"},\"image\":{\"@id\":\"https:\/\/ketunkullanhyvinvointi.fi\/index.php\/koirahieronta\/#primaryimage\"},\"thumbnailUrl\":\"https:\/\/ketunkullanhyvinvointi.fi\/wp-content\/uploads\/elementor\/thumbs\/fysioterapia-paakuva26-qh087f2o1c90obdmhsd60m7rox6i0acfep20b3n9q8.png\",\"datePublished\":\"2022-02-28T13:27:59+00:00\",\"dateModified\":\"2023-12-18T19:02:50+00:00\",\"breadcrumb\":{\"@id\":\"https:\/\/ketunkullanhyvinvointi.fi\/index.php\/koirahieronta\/#breadcrumb\"},\"inLanguage\":\"en\",\"potentialAction\":[{\"@type\":\"ReadAction\",\"target\":[\"https:\/\/ketunkullanhyvinvointi.fi\/index.php\/koirahieronta\/\"]}]},{\"@type\":\"ImageObject\",\"inLanguage\":\"en\",\"@id\":\"https:\/\/ketunkullanhyvinvointi.fi\/index.php\/koirahieronta\/#primaryimage\",\"url\":\"https:\/\/ketunkullanhyvinvointi.fi\/wp-content\/uploads\/elementor\/thumbs\/fysioterapia-paakuva26-qh087f2o1c90obdmhsd60m7rox6i0acfep20b3n9q8.png\",\"contentUrl\":\"https:\/\/ketunkullanhyvinvointi.fi\/wp-content\/uploads\/elementor\/thumbs\/fysioterapia-paakuva26-qh087f2o1c90obdmhsd60m7rox6i0acfep20b3n9q8.png\"},{\"@type\":\"BreadcrumbList\",\"@id\":\"https:\/\/ketunkullanhyvinvointi.fi\/index.php\/koirahieronta\/#breadcrumb\",\"itemListElement\":[{\"@type\":\"ListItem\",\"position\":1,\"name\":\"Home\",\"item\":\"https:\/\/ketunkullanhyvinvointi.fi\/\"},{\"@type\":\"ListItem\",\"position\":2,\"name\":\"Koirahieronta\"}]},{\"@type\":\"WebSite\",\"@id\":\"https:\/\/ketunkullanhyvinvointi.fi\/#website\",\"url\":\"https:\/\/ketunkullanhyvinvointi.fi\/\",\"name\":\"Ketunkullan Hyvinvointi\",\"description\":\"Vetreytt&auml; ja vetovoimaa\",\"potentialAction\":[{\"@type\":\"SearchAction\",\"target\":{\"@type\":\"EntryPoint\",\"urlTemplate\":\"https:\/\/ketunkullanhyvinvointi.fi\/?s={search_term_string}\"},\"query-input\":{\"@type\":\"PropertyValueSpecification\",\"valueRequired\":true,\"valueName\":\"search_term_string\"}}],\"inLanguage\":\"en\"}]}<\/script>\n<!-- \/ Yoast SEO plugin. -->","yoast_head_json":{"title":"Koirahieronta - Ketunkullan Hyvinvointi","robots":{"index":"index","follow":"follow","max-snippet":"max-snippet:-1","max-image-preview":"max-image-preview:large","max-video-preview":"max-video-preview:-1"},"canonical":"https:\/\/ketunkullanhyvinvointi.fi\/index.php\/koirahieronta\/","og_locale":"en_US","og_type":"article","og_title":"Koirahieronta - Ketunkullan Hyvinvointi","og_description":"Koirahieronta vilkastuttaa aineenvaihduntaa, lis\u00e4\u00e4 lihasten elastisuutta, lihasten liikelaajuus paranee, ne pehmenev\u00e4t ja rentoutuvat. Koiran stressitaso laskee. Hieronta nopeuttaa suorituksesta palautumista. Hieronta sopii erinomaisesti my\u00f6s i\u00e4kk\u00e4ille koirille ja koirille, joiden liikunta on yksipuolista tai esimerkiksi jotka vet\u00e4v\u00e4t taluttimessa. Hieronta yll\u00e4pit\u00e4\u00e4 lihaksiston kuntoa ja liikkuvuutta. Hierontaa kannattaa k\u00e4ytt\u00e4\u00e4 my\u00f6s ennaltaehk\u00e4isem\u00e4\u00e4n jumien ja rasitusvammojen syntymist\u00e4. Hierontaa ei suositella, [&hellip;]","og_url":"https:\/\/ketunkullanhyvinvointi.fi\/index.php\/koirahieronta\/","og_site_name":"Ketunkullan Hyvinvointi","article_modified_time":"2023-12-18T19:02:50+00:00","og_image":[{"url":"https:\/\/ketunkullanhyvinvointi.fi\/wp-content\/uploads\/elementor\/thumbs\/fysioterapia-paakuva26-qh087f2o1c90obdmhsd60m7rox6i0acfep20b3n9q8.png","type":"","width":"","height":""}],"twitter_card":"summary_large_image","twitter_misc":{"Est. reading time":"1 minute"},"schema":{"@context":"https:\/\/schema.org","@graph":[{"@type":"WebPage","@id":"https:\/\/ketunkullanhyvinvointi.fi\/index.php\/koirahieronta\/","url":"https:\/\/ketunkullanhyvinvointi.fi\/index.php\/koirahieronta\/","name":"Koirahieronta - Ketunkullan Hyvinvointi","isPartOf":{"@id":"https:\/\/ketunkullanhyvinvointi.fi\/#website"},"primaryImageOfPage":{"@id":"https:\/\/ketunkullanhyvinvointi.fi\/index.php\/koirahieronta\/#primaryimage"},"image":{"@id":"https:\/\/ketunkullanhyvinvointi.fi\/index.php\/koirahieronta\/#primaryimage"},"thumbnailUrl":"https:\/\/ketunkullanhyvinvointi.fi\/wp-content\/uploads\/elementor\/thumbs\/fysioterapia-paakuva26-qh087f2o1c90obdmhsd60m7rox6i0acfep20b3n9q8.png","datePublished":"2022-02-28T13:27:59+00:00","dateModified":"2023-12-18T19:02:50+00:00","breadcrumb":{"@id":"https:\/\/ketunkullanhyvinvointi.fi\/index.php\/koirahieronta\/#breadcrumb"},"inLanguage":"en","potentialAction":[{"@type":"ReadAction","target":["https:\/\/ketunkullanhyvinvointi.fi\/index.php\/koirahieronta\/"]}]},{"@type":"ImageObject","inLanguage":"en","@id":"https:\/\/ketunkullanhyvinvointi.fi\/index.php\/koirahieronta\/#primaryimage","url":"https:\/\/ketunkullanhyvinvointi.fi\/wp-content\/uploads\/elementor\/thumbs\/fysioterapia-paakuva26-qh087f2o1c90obdmhsd60m7rox6i0acfep20b3n9q8.png","contentUrl":"https:\/\/ketunkullanhyvinvointi.fi\/wp-content\/uploads\/elementor\/thumbs\/fysioterapia-paakuva26-qh087f2o1c90obdmhsd60m7rox6i0acfep20b3n9q8.png"},{"@type":"BreadcrumbList","@id":"https:\/\/ketunkullanhyvinvointi.fi\/index.php\/koirahieronta\/#breadcrumb","itemListElement":[{"@type":"ListItem","position":1,"name":"Home","item":"https:\/\/ketunkullanhyvinvointi.fi\/"},{"@type":"ListItem","position":2,"name":"Koirahieronta"}]},{"@type":"WebSite","@id":"https:\/\/ketunkullanhyvinvointi.fi\/#website","url":"https:\/\/ketunkullanhyvinvointi.fi\/","name":"Ketunkullan Hyvinvointi","description":"Vetreytt&auml; ja vetovoimaa","potentialAction":[{"@type":"SearchAction","target":{"@type":"EntryPoint","urlTemplate":"https:\/\/ketunkullanhyvinvointi.fi\/?s={search_term_string}"},"query-input":{"@type":"PropertyValueSpecification","valueRequired":true,"valueName":"search_term_string"}}],"inLanguage":"en"}]}},"jetpack_sharing_enabled":true,"_links":{"self":[{"href":"https:\/\/ketunkullanhyvinvointi.fi\/index.php\/wp-json\/wp\/v2\/pages\/1670","targetHints":{"allow":["GET"]}}],"collection":[{"href":"https:\/\/ketunkullanhyvinvointi.fi\/index.php\/wp-json\/wp\/v2\/pages"}],"about":[{"href":"https:\/\/ketunkullanhyvinvointi.fi\/index.php\/wp-json\/wp\/v2\/types\/page"}],"author":[{"embeddable":true,"href":"https:\/\/ketunkullanhyvinvointi.fi\/index.php\/wp-json\/wp\/v2\/users\/1"}],"replies":[{"embeddable":true,"href":"https:\/\/ketunkullanhyvinvointi.fi\/index.php\/wp-json\/wp\/v2\/comments?post=1670"}],"version-history":[{"count":37,"href":"https:\/\/ketunkullanhyvinvointi.fi\/index.php\/wp-json\/wp\/v2\/pages\/1670\/revisions"}],"predecessor-version":[{"id":6838,"href":"https:\/\/ketunkullanhyvinvointi.fi\/index.php\/wp-json\/wp\/v2\/pages\/1670\/revisions\/6838"}],"wp:attachment":[{"href":"https:\/\/ketunkullanhyvinvointi.fi\/index.php\/wp-json\/wp\/v2\/media?parent=1670"}],"curies":[{"name":"wp","href":"https:\/\/api.w.org\/{rel}","templated":true}]}}