{"id":1666,"date":"2022-02-28T13:27:17","date_gmt":"2022-02-28T13:27:17","guid":{"rendered":"https:\/\/ketunkullanhyvinvointi.fi\/?page_id=1666"},"modified":"2023-12-18T18:52:36","modified_gmt":"2023-12-18T18:52:36","slug":"laserhoito","status":"publish","type":"page","link":"https:\/\/ketunkullanhyvinvointi.fi\/index.php\/laserhoito\/","title":{"rendered":"Laserhoito"},"content":{"rendered":"\t\t<div data-elementor-type=\"wp-page\" data-elementor-id=\"1666\" class=\"elementor elementor-1666\">\n\t\t\t\t\t\t<section class=\"elementor-section elementor-top-section elementor-element elementor-element-51e0b8a0 elementor-section-boxed elementor-section-height-default elementor-section-height-default\" data-id=\"51e0b8a0\" data-element_type=\"section\" data-settings=\"{&quot;background_background&quot;:&quot;classic&quot;}\">\n\t\t\t\t\t\t<div class=\"elementor-container elementor-column-gap-default\">\n\t\t\t\t\t<div class=\"elementor-column elementor-col-33 elementor-top-column elementor-element elementor-element-59df9460\" data-id=\"59df9460\" data-element_type=\"column\">\n\t\t\t<div class=\"elementor-widget-wrap elementor-element-populated\">\n\t\t\t\t\t\t<div class=\"elementor-element elementor-element-65a17db5 elementor-widget elementor-widget-spacer\" data-id=\"65a17db5\" data-element_type=\"widget\" data-widget_type=\"spacer.default\">\n\t\t\t\t<div class=\"elementor-widget-container\">\n\t\t\t\t\t\t\t<div class=\"elementor-spacer\">\n\t\t\t<div class=\"elementor-spacer-inner\"><\/div>\n\t\t<\/div>\n\t\t\t\t\t\t<\/div>\n\t\t\t\t<\/div>\n\t\t\t\t\t<\/div>\n\t\t<\/div>\n\t\t\t\t<div class=\"elementor-column elementor-col-66 elementor-top-column elementor-element elementor-element-23bface4\" data-id=\"23bface4\" data-element_type=\"column\">\n\t\t\t<div class=\"elementor-widget-wrap elementor-element-populated\">\n\t\t\t\t\t\t<div class=\"elementor-element elementor-element-3296df52 elementor-widget elementor-widget-image\" data-id=\"3296df52\" data-element_type=\"widget\" data-widget_type=\"image.default\">\n\t\t\t\t<div class=\"elementor-widget-container\">\n\t\t\t\t\t\t\t\t\t\t\t\t\t\t\t<img decoding=\"async\" src=\"https:\/\/i0.wp.com\/ketunkullanhyvinvointi.fi\/wp-content\/uploads\/2023\/12\/fysioterapia-paakuva24.png?fit=1900%2C800&#038;ssl=1\" title=\"fysioterapia, p\u00e4\u00e4kuva(24)\" alt=\"fysioterapia, p\u00e4\u00e4kuva(24)\" loading=\"lazy\" \/>\t\t\t\t\t\t\t\t\t\t\t\t\t\t\t<\/div>\n\t\t\t\t<\/div>\n\t\t\t\t<div class=\"elementor-element elementor-element-49fc7afc elementor-widget elementor-widget-spacer\" data-id=\"49fc7afc\" data-element_type=\"widget\" data-widget_type=\"spacer.default\">\n\t\t\t\t<div class=\"elementor-widget-container\">\n\t\t\t\t\t\t\t<div class=\"elementor-spacer\">\n\t\t\t<div class=\"elementor-spacer-inner\"><\/div>\n\t\t<\/div>\n\t\t\t\t\t\t<\/div>\n\t\t\t\t<\/div>\n\t\t\t\t<div class=\"elementor-element elementor-element-1d0e36d2 elementor-widget elementor-widget-text-editor\" data-id=\"1d0e36d2\" data-element_type=\"widget\" data-widget_type=\"text-editor.default\">\n\t\t\t\t<div class=\"elementor-widget-container\">\n\t\t\t\t\t\t\t\t\t<p dir=\"ltr\" style=\"line-height: 1.2; margin-top: 0pt; margin-bottom: 0pt;\"><span style=\"font-size: 10pt; font-family: 'Montserrat Alternates',sans-serif; color: #000000; background-color: transparent; font-weight: 400; font-style: normal; font-variant: normal; text-decoration: none; vertical-align: baseline; white-space: pre-wrap;\">Meill\u00e4 on k\u00e4yt\u00f6ss\u00e4 ammattitason laserlaite Theralux R touch TX4-vet. Kyseinen laite soveltuu erinomaisesti muun muassa lihasten ja j\u00e4nteiden hoitamiseen tehostaen kehon omaa paranemisprosessia. <\/span><span style=\"background-color: transparent; color: #000000; font-size: 10pt; white-space: pre-wrap; font-style: inherit; font-weight: inherit;\">Laserhoito on helppo ja kivuton hoitomuoto, jossa laservalo kohdistetaan hoidettavalle alueelle. El\u00e4in usein silminn\u00e4hden rentoutuu hoidon aikana.<\/span><\/p><p dir=\"ltr\" style=\"line-height: 1.2; margin-top: 0pt; margin-bottom: 0pt;\">\u00a0<\/p><p dir=\"ltr\" style=\"line-height: 1.2; margin-top: 0pt; margin-bottom: 0pt;\"><span style=\"font-size: 10pt; font-family: 'Montserrat Alternates',sans-serif; color: #000000; background-color: transparent; font-weight: 400; font-style: normal; font-variant: normal; text-decoration: none; vertical-align: baseline; white-space: pre-wrap;\">Laserhoito on tehokkainta, kun se toteutetaan hoitosarjana. Hoitojen tiheys ja m\u00e4\u00e4r\u00e4 vaihtelee vamman ja vasteen mukaan. Nyrkkis\u00e4\u00e4nt\u00f6n\u00e4 on, ett\u00e4 aluksi hoidetaan tihe\u00e4sti ja paranemisen edetess\u00e4 hoitov\u00e4li\u00e4 pidennet\u00e4\u00e4n. Laserhoitoon on saatavilla viiden kerran sarjakortti. Usein laserhoitoa my\u00f6s yhdistet\u00e4\u00e4n fysioterapiaan tai kraniosakraaliterapiaan.<\/span><\/p>\t\t\t\t\t\t\t\t<\/div>\n\t\t\t\t<\/div>\n\t\t\t\t<div class=\"elementor-element elementor-element-463993ce elementor-widget elementor-widget-spacer\" data-id=\"463993ce\" data-element_type=\"widget\" data-widget_type=\"spacer.default\">\n\t\t\t\t<div class=\"elementor-widget-container\">\n\t\t\t\t\t\t\t<div class=\"elementor-spacer\">\n\t\t\t<div class=\"elementor-spacer-inner\"><\/div>\n\t\t<\/div>\n\t\t\t\t\t\t<\/div>\n\t\t\t\t<\/div>\n\t\t\t\t\t<\/div>\n\t\t<\/div>\n\t\t\t\t\t<\/div>\n\t\t<\/section>\n\t\t\t\t<\/div>\n\t\t","protected":false},"excerpt":{"rendered":"<p>Meill\u00e4 on k\u00e4yt\u00f6ss\u00e4 ammattitason laserlaite Theralux R touch TX4-vet. Kyseinen laite soveltuu erinomaisesti muun muassa lihasten ja j\u00e4nteiden hoitamiseen tehostaen kehon omaa paranemisprosessia. Laserhoito on helppo ja kivuton hoitomuoto, jossa laservalo kohdistetaan hoidettavalle alueelle. El\u00e4in usein silminn\u00e4hden rentoutuu hoidon aikana. \u00a0 Laserhoito on tehokkainta, kun se toteutetaan hoitosarjana. Hoitojen tiheys ja m\u00e4\u00e4r\u00e4 vaihtelee vamman ja [&hellip;]<\/p>\n","protected":false},"author":1,"featured_media":0,"parent":0,"menu_order":0,"comment_status":"closed","ping_status":"closed","template":"","meta":{"site-sidebar-layout":"no-sidebar","site-content-layout":"page-builder","ast-site-content-layout":"","site-content-style":"default","site-sidebar-style":"default","ast-global-header-display":"","ast-banner-title-visibility":"","ast-main-header-display":"","ast-hfb-above-header-display":"","ast-hfb-below-header-display":"","ast-hfb-mobile-header-display":"","site-post-title":"disabled","ast-breadcrumbs-content":"","ast-featured-img":"disabled","footer-sml-layout":"","theme-transparent-header-meta":"","adv-header-id-meta":"","stick-header-meta":"","header-above-stick-meta":"","header-main-stick-meta":"","header-below-stick-meta":"","astra-migrate-meta-layouts":"default","ast-page-background-enabled":"default","ast-page-background-meta":{"desktop":{"background-color":"","background-image":"","background-repeat":"repeat","background-position":"center center","background-size":"auto","background-attachment":"scroll","background-type":"","background-media":"","overlay-type":"","overlay-color":"","overlay-opacity":"","overlay-gradient":""},"tablet":{"background-color":"","background-image":"","background-repeat":"repeat","background-position":"center center","background-size":"auto","background-attachment":"scroll","background-type":"","background-media":"","overlay-type":"","overlay-color":"","overlay-opacity":"","overlay-gradient":""},"mobile":{"background-color":"","background-image":"","background-repeat":"repeat","background-position":"center center","background-size":"auto","background-attachment":"scroll","background-type":"","background-media":"","overlay-type":"","overlay-color":"","overlay-opacity":"","overlay-gradient":""}},"ast-content-background-meta":{"desktop":{"background-color":"var(--ast-global-color-5)","background-image":"","background-repeat":"repeat","background-position":"center center","background-size":"auto","background-attachment":"scroll","background-type":"","background-media":"","overlay-type":"","overlay-color":"","overlay-opacity":"","overlay-gradient":""},"tablet":{"background-color":"var(--ast-global-color-5)","background-image":"","background-repeat":"repeat","background-position":"center center","background-size":"auto","background-attachment":"scroll","background-type":"","background-media":"","overlay-type":"","overlay-color":"","overlay-opacity":"","overlay-gradient":""},"mobile":{"background-color":"var(--ast-global-color-5)","background-image":"","background-repeat":"repeat","background-position":"center center","background-size":"auto","background-attachment":"scroll","background-type":"","background-media":"","overlay-type":"","overlay-color":"","overlay-opacity":"","overlay-gradient":""}},"footnotes":""},"class_list":["post-1666","page","type-page","status-publish","hentry"],"yoast_head":"<!-- This site is optimized with the Yoast SEO plugin v24.2 - https:\/\/yoast.com\/wordpress\/plugins\/seo\/ -->\n<title>Laserhoito - Ketunkullan Hyvinvointi<\/title>\n<meta name=\"robots\" content=\"index, follow, max-snippet:-1, max-image-preview:large, max-video-preview:-1\" \/>\n<link rel=\"canonical\" href=\"https:\/\/ketunkullanhyvinvointi.fi\/index.php\/laserhoito\/\" \/>\n<meta property=\"og:locale\" content=\"en_US\" \/>\n<meta property=\"og:type\" content=\"article\" \/>\n<meta property=\"og:title\" content=\"Laserhoito - Ketunkullan Hyvinvointi\" \/>\n<meta property=\"og:description\" content=\"Meill\u00e4 on k\u00e4yt\u00f6ss\u00e4 ammattitason laserlaite Theralux R touch TX4-vet. Kyseinen laite soveltuu erinomaisesti muun muassa lihasten ja j\u00e4nteiden hoitamiseen tehostaen kehon omaa paranemisprosessia. Laserhoito on helppo ja kivuton hoitomuoto, jossa laservalo kohdistetaan hoidettavalle alueelle. El\u00e4in usein silminn\u00e4hden rentoutuu hoidon aikana. \u00a0 Laserhoito on tehokkainta, kun se toteutetaan hoitosarjana. Hoitojen tiheys ja m\u00e4\u00e4r\u00e4 vaihtelee vamman ja [&hellip;]\" \/>\n<meta property=\"og:url\" content=\"https:\/\/ketunkullanhyvinvointi.fi\/index.php\/laserhoito\/\" \/>\n<meta property=\"og:site_name\" content=\"Ketunkullan Hyvinvointi\" \/>\n<meta property=\"article:modified_time\" content=\"2023-12-18T18:52:36+00:00\" \/>\n<meta property=\"og:image\" content=\"https:\/\/ketunkullanhyvinvointi.fi\/wp-content\/uploads\/elementor\/thumbs\/fysioterapia-paakuva24-qh07r1pv07u8gt5p37m338xr8bvcy2cq5o0kelx43k.png\" \/>\n<meta name=\"twitter:card\" content=\"summary_large_image\" \/>\n<meta name=\"twitter:label1\" content=\"Est. reading time\" \/>\n\t<meta name=\"twitter:data1\" content=\"1 minute\" \/>\n<script type=\"application\/ld+json\" class=\"yoast-schema-graph\">{\"@context\":\"https:\/\/schema.org\",\"@graph\":[{\"@type\":\"WebPage\",\"@id\":\"https:\/\/ketunkullanhyvinvointi.fi\/index.php\/laserhoito\/\",\"url\":\"https:\/\/ketunkullanhyvinvointi.fi\/index.php\/laserhoito\/\",\"name\":\"Laserhoito - Ketunkullan Hyvinvointi\",\"isPartOf\":{\"@id\":\"https:\/\/ketunkullanhyvinvointi.fi\/#website\"},\"primaryImageOfPage\":{\"@id\":\"https:\/\/ketunkullanhyvinvointi.fi\/index.php\/laserhoito\/#primaryimage\"},\"image\":{\"@id\":\"https:\/\/ketunkullanhyvinvointi.fi\/index.php\/laserhoito\/#primaryimage\"},\"thumbnailUrl\":\"https:\/\/ketunkullanhyvinvointi.fi\/wp-content\/uploads\/elementor\/thumbs\/fysioterapia-paakuva24-qh07r1pv07u8gt5p37m338xr8bvcy2cq5o0kelx43k.png\",\"datePublished\":\"2022-02-28T13:27:17+00:00\",\"dateModified\":\"2023-12-18T18:52:36+00:00\",\"breadcrumb\":{\"@id\":\"https:\/\/ketunkullanhyvinvointi.fi\/index.php\/laserhoito\/#breadcrumb\"},\"inLanguage\":\"en\",\"potentialAction\":[{\"@type\":\"ReadAction\",\"target\":[\"https:\/\/ketunkullanhyvinvointi.fi\/index.php\/laserhoito\/\"]}]},{\"@type\":\"ImageObject\",\"inLanguage\":\"en\",\"@id\":\"https:\/\/ketunkullanhyvinvointi.fi\/index.php\/laserhoito\/#primaryimage\",\"url\":\"https:\/\/ketunkullanhyvinvointi.fi\/wp-content\/uploads\/elementor\/thumbs\/fysioterapia-paakuva24-qh07r1pv07u8gt5p37m338xr8bvcy2cq5o0kelx43k.png\",\"contentUrl\":\"https:\/\/ketunkullanhyvinvointi.fi\/wp-content\/uploads\/elementor\/thumbs\/fysioterapia-paakuva24-qh07r1pv07u8gt5p37m338xr8bvcy2cq5o0kelx43k.png\"},{\"@type\":\"BreadcrumbList\",\"@id\":\"https:\/\/ketunkullanhyvinvointi.fi\/index.php\/laserhoito\/#breadcrumb\",\"itemListElement\":[{\"@type\":\"ListItem\",\"position\":1,\"name\":\"Home\",\"item\":\"https:\/\/ketunkullanhyvinvointi.fi\/\"},{\"@type\":\"ListItem\",\"position\":2,\"name\":\"Laserhoito\"}]},{\"@type\":\"WebSite\",\"@id\":\"https:\/\/ketunkullanhyvinvointi.fi\/#website\",\"url\":\"https:\/\/ketunkullanhyvinvointi.fi\/\",\"name\":\"Ketunkullan Hyvinvointi\",\"description\":\"Vetreytt&auml; ja vetovoimaa\",\"potentialAction\":[{\"@type\":\"SearchAction\",\"target\":{\"@type\":\"EntryPoint\",\"urlTemplate\":\"https:\/\/ketunkullanhyvinvointi.fi\/?s={search_term_string}\"},\"query-input\":{\"@type\":\"PropertyValueSpecification\",\"valueRequired\":true,\"valueName\":\"search_term_string\"}}],\"inLanguage\":\"en\"}]}<\/script>\n<!-- \/ Yoast SEO plugin. -->","yoast_head_json":{"title":"Laserhoito - Ketunkullan Hyvinvointi","robots":{"index":"index","follow":"follow","max-snippet":"max-snippet:-1","max-image-preview":"max-image-preview:large","max-video-preview":"max-video-preview:-1"},"canonical":"https:\/\/ketunkullanhyvinvointi.fi\/index.php\/laserhoito\/","og_locale":"en_US","og_type":"article","og_title":"Laserhoito - Ketunkullan Hyvinvointi","og_description":"Meill\u00e4 on k\u00e4yt\u00f6ss\u00e4 ammattitason laserlaite Theralux R touch TX4-vet. Kyseinen laite soveltuu erinomaisesti muun muassa lihasten ja j\u00e4nteiden hoitamiseen tehostaen kehon omaa paranemisprosessia. Laserhoito on helppo ja kivuton hoitomuoto, jossa laservalo kohdistetaan hoidettavalle alueelle. El\u00e4in usein silminn\u00e4hden rentoutuu hoidon aikana. \u00a0 Laserhoito on tehokkainta, kun se toteutetaan hoitosarjana. Hoitojen tiheys ja m\u00e4\u00e4r\u00e4 vaihtelee vamman ja [&hellip;]","og_url":"https:\/\/ketunkullanhyvinvointi.fi\/index.php\/laserhoito\/","og_site_name":"Ketunkullan Hyvinvointi","article_modified_time":"2023-12-18T18:52:36+00:00","og_image":[{"url":"https:\/\/ketunkullanhyvinvointi.fi\/wp-content\/uploads\/elementor\/thumbs\/fysioterapia-paakuva24-qh07r1pv07u8gt5p37m338xr8bvcy2cq5o0kelx43k.png","type":"","width":"","height":""}],"twitter_card":"summary_large_image","twitter_misc":{"Est. reading time":"1 minute"},"schema":{"@context":"https:\/\/schema.org","@graph":[{"@type":"WebPage","@id":"https:\/\/ketunkullanhyvinvointi.fi\/index.php\/laserhoito\/","url":"https:\/\/ketunkullanhyvinvointi.fi\/index.php\/laserhoito\/","name":"Laserhoito - Ketunkullan Hyvinvointi","isPartOf":{"@id":"https:\/\/ketunkullanhyvinvointi.fi\/#website"},"primaryImageOfPage":{"@id":"https:\/\/ketunkullanhyvinvointi.fi\/index.php\/laserhoito\/#primaryimage"},"image":{"@id":"https:\/\/ketunkullanhyvinvointi.fi\/index.php\/laserhoito\/#primaryimage"},"thumbnailUrl":"https:\/\/ketunkullanhyvinvointi.fi\/wp-content\/uploads\/elementor\/thumbs\/fysioterapia-paakuva24-qh07r1pv07u8gt5p37m338xr8bvcy2cq5o0kelx43k.png","datePublished":"2022-02-28T13:27:17+00:00","dateModified":"2023-12-18T18:52:36+00:00","breadcrumb":{"@id":"https:\/\/ketunkullanhyvinvointi.fi\/index.php\/laserhoito\/#breadcrumb"},"inLanguage":"en","potentialAction":[{"@type":"ReadAction","target":["https:\/\/ketunkullanhyvinvointi.fi\/index.php\/laserhoito\/"]}]},{"@type":"ImageObject","inLanguage":"en","@id":"https:\/\/ketunkullanhyvinvointi.fi\/index.php\/laserhoito\/#primaryimage","url":"https:\/\/ketunkullanhyvinvointi.fi\/wp-content\/uploads\/elementor\/thumbs\/fysioterapia-paakuva24-qh07r1pv07u8gt5p37m338xr8bvcy2cq5o0kelx43k.png","contentUrl":"https:\/\/ketunkullanhyvinvointi.fi\/wp-content\/uploads\/elementor\/thumbs\/fysioterapia-paakuva24-qh07r1pv07u8gt5p37m338xr8bvcy2cq5o0kelx43k.png"},{"@type":"BreadcrumbList","@id":"https:\/\/ketunkullanhyvinvointi.fi\/index.php\/laserhoito\/#breadcrumb","itemListElement":[{"@type":"ListItem","position":1,"name":"Home","item":"https:\/\/ketunkullanhyvinvointi.fi\/"},{"@type":"ListItem","position":2,"name":"Laserhoito"}]},{"@type":"WebSite","@id":"https:\/\/ketunkullanhyvinvointi.fi\/#website","url":"https:\/\/ketunkullanhyvinvointi.fi\/","name":"Ketunkullan Hyvinvointi","description":"Vetreytt&auml; ja vetovoimaa","potentialAction":[{"@type":"SearchAction","target":{"@type":"EntryPoint","urlTemplate":"https:\/\/ketunkullanhyvinvointi.fi\/?s={search_term_string}"},"query-input":{"@type":"PropertyValueSpecification","valueRequired":true,"valueName":"search_term_string"}}],"inLanguage":"en"}]}},"jetpack_sharing_enabled":true,"_links":{"self":[{"href":"https:\/\/ketunkullanhyvinvointi.fi\/index.php\/wp-json\/wp\/v2\/pages\/1666","targetHints":{"allow":["GET"]}}],"collection":[{"href":"https:\/\/ketunkullanhyvinvointi.fi\/index.php\/wp-json\/wp\/v2\/pages"}],"about":[{"href":"https:\/\/ketunkullanhyvinvointi.fi\/index.php\/wp-json\/wp\/v2\/types\/page"}],"author":[{"embeddable":true,"href":"https:\/\/ketunkullanhyvinvointi.fi\/index.php\/wp-json\/wp\/v2\/users\/1"}],"replies":[{"embeddable":true,"href":"https:\/\/ketunkullanhyvinvointi.fi\/index.php\/wp-json\/wp\/v2\/comments?post=1666"}],"version-history":[{"count":28,"href":"https:\/\/ketunkullanhyvinvointi.fi\/index.php\/wp-json\/wp\/v2\/pages\/1666\/revisions"}],"predecessor-version":[{"id":6830,"href":"https:\/\/ketunkullanhyvinvointi.fi\/index.php\/wp-json\/wp\/v2\/pages\/1666\/revisions\/6830"}],"wp:attachment":[{"href":"https:\/\/ketunkullanhyvinvointi.fi\/index.php\/wp-json\/wp\/v2\/media?parent=1666"}],"curies":[{"name":"wp","href":"https:\/\/api.w.org\/{rel}","templated":true}]}}